{"id":2612,"date":"2018-10-05T23:22:53","date_gmt":"2018-10-05T21:22:53","guid":{"rendered":"https:\/\/lafrenchcoop.fr\/site\/?page_id=2612"},"modified":"2021-09-03T16:20:51","modified_gmt":"2021-09-03T14:20:51","slug":"presse","status":"publish","type":"page","link":"https:\/\/lafrenchcoop.fr\/site\/presse","title":{"rendered":"Presse"},"content":{"rendered":"\n<p class=\"has-text-align-center has-accent-color has-text-color\"><strong>T\u00e9l\u00e9charger le communiqu\u00e9 de presse de nos 1 an<\/strong><\/p>\n\n\n\n<div class=\"wp-block-image\"><figure class=\"aligncenter size-medium\"><a href=\"https:\/\/lafrenchcoop.fr\/site\/wp-content\/uploads\/2020\/11\/20201119-CP-1-an-French-Coop.pdf\"><img loading=\"lazy\" width=\"500\" height=\"504\" src=\"https:\/\/lafrenchcoop.fr\/site\/wp-content\/uploads\/2020\/11\/La-French-Coop-1-an-logo-500x504.png\" alt=\"\" class=\"wp-image-119711\" srcset=\"https:\/\/lafrenchcoop.fr\/site\/wp-content\/uploads\/2020\/11\/La-French-Coop-1-an-logo-500x504.png 500w, https:\/\/lafrenchcoop.fr\/site\/wp-content\/uploads\/2020\/11\/La-French-Coop-1-an-logo-1016x1024.png 1016w, https:\/\/lafrenchcoop.fr\/site\/wp-content\/uploads\/2020\/11\/La-French-Coop-1-an-logo-150x150.png 150w, https:\/\/lafrenchcoop.fr\/site\/wp-content\/uploads\/2020\/11\/La-French-Coop-1-an-logo-768x774.png 768w, https:\/\/lafrenchcoop.fr\/site\/wp-content\/uploads\/2020\/11\/La-French-Coop-1-an-logo.png 1342w\" sizes=\"(max-width: 500px) 100vw, 500px\" \/><\/a><\/figure><\/div>\n\n\n\n<p class=\"has-text-align-center has-accent-color has-text-color\"><strong>T\u00e9l\u00e9charger notre dossier de presse<\/strong><\/p>\n\n\n\n<div class=\"wp-block-image\"><figure class=\"aligncenter size-full is-resized\"><a href=\"https:\/\/lafrenchcoop.fr\/site\/wp-content\/uploads\/2018\/10\/Dossier-de-Presse-2019.pdf\" target=\"_blank\" rel=\"noreferrer noopener\"><img loading=\"lazy\" src=\"https:\/\/lafrenchcoop.fr\/site\/wp-content\/uploads\/2020\/04\/Dossier-de-Presse-2019-1.png\" alt=\"\" class=\"wp-image-56154\" width=\"250\" height=\"355\" srcset=\"https:\/\/lafrenchcoop.fr\/site\/wp-content\/uploads\/2020\/04\/Dossier-de-Presse-2019-1.png 1000w, https:\/\/lafrenchcoop.fr\/site\/wp-content\/uploads\/2020\/04\/Dossier-de-Presse-2019-1-211x300.png 211w, https:\/\/lafrenchcoop.fr\/site\/wp-content\/uploads\/2020\/04\/Dossier-de-Presse-2019-1-722x1024.png 722w, https:\/\/lafrenchcoop.fr\/site\/wp-content\/uploads\/2020\/04\/Dossier-de-Presse-2019-1-768x1090.png 768w\" sizes=\"(max-width: 250px) 100vw, 250px\" \/><\/a><figcaption><sup><sub>2019 \u2022 Cr\u00e9ation graphique : Artistyck<\/sub><\/sup><\/figcaption><\/figure><\/div>\n\n\n\n<hr class=\"wp-block-separator\"\/>\n\n\n\n<h4 class=\"has-text-align-center\"><strong>Revue de presse<\/strong><\/h4>\n\n\n\n<div class=\"wp-block-columns\">\n<div class=\"wp-block-column\">\n<p class=\"has-text-align-center has-accent-color has-text-color\"><\/p>\n<\/div>\n\n\n\n<div class=\"wp-block-column\">\n<p class=\"has-text-align-center has-accent-color has-text-color\"><strong><strong><a href=\"https:\/\/fr.calameo.com\/read\/0004465198664817c9234\" target=\"_blank\" rel=\"noreferrer noopener\">Asni\u00e8res infos<br>Juin 2021 (n\u00b0421 p. 30)<\/a><\/strong><\/strong><br><\/p>\n<\/div>\n\n\n\n<div class=\"wp-block-column\">\n<p class=\"has-text-align-center has-accent-color has-text-color\"><strong><strong><a href=\"https:\/\/www.leparisien.fr\/hauts-de-seine-92\/dans-l-asnieres-favorise-ou-le-gennevilliers-populaire-les-epiceries-cooperatives-cartonnent-27-11-2020-8410848.php\" target=\"_blank\" rel=\"noreferrer noopener\">Le Parisien<br>27 novembre 2020<\/a><\/strong><\/strong><\/p>\n<\/div>\n<\/div>\n\n\n\n<div class=\"wp-block-columns\">\n<div class=\"wp-block-column\"><\/div>\n\n\n\n<div class=\"wp-block-column\">\n<figure class=\"wp-block-image size-medium is-resized\"><a href=\"https:\/\/fr.calameo.com\/read\/0004465198664817c9234\" target=\"_blank\" rel=\"noopener\"><img loading=\"lazy\" src=\"https:\/\/lafrenchcoop.fr\/site\/wp-content\/uploads\/2021\/06\/Asnieres-info-Juin-2021-500x333.png\" alt=\"\" class=\"wp-image-193115\" width=\"250\" height=\"167\" srcset=\"https:\/\/lafrenchcoop.fr\/site\/wp-content\/uploads\/2021\/06\/Asnieres-info-Juin-2021-500x333.png 500w, https:\/\/lafrenchcoop.fr\/site\/wp-content\/uploads\/2021\/06\/Asnieres-info-Juin-2021-1024x683.png 1024w, https:\/\/lafrenchcoop.fr\/site\/wp-content\/uploads\/2021\/06\/Asnieres-info-Juin-2021-768x512.png 768w, https:\/\/lafrenchcoop.fr\/site\/wp-content\/uploads\/2021\/06\/Asnieres-info-Juin-2021-1536x1024.png 1536w, https:\/\/lafrenchcoop.fr\/site\/wp-content\/uploads\/2021\/06\/Asnieres-info-Juin-2021-2048x1365.png 2048w, https:\/\/lafrenchcoop.fr\/site\/wp-content\/uploads\/2021\/06\/Asnieres-info-Juin-2021-360x240.png 360w\" sizes=\"(max-width: 250px) 100vw, 250px\" \/><\/a><\/figure>\n<\/div>\n\n\n\n<div class=\"wp-block-column\">\n<figure class=\"wp-block-image size-medium is-resized\"><a href=\"https:\/\/www.leparisien.fr\/hauts-de-seine-92\/dans-l-asnieres-favorise-ou-le-gennevilliers-populaire-les-epiceries-cooperatives-cartonnent-27-11-2020-8410848.php\" target=\"_blank\" rel=\"noopener\"><img loading=\"lazy\" src=\"https:\/\/lafrenchcoop.fr\/site\/wp-content\/uploads\/2021\/06\/Le-Parisien-27-novembre-2020-500x333.jpg\" alt=\"Le Parisien 27 novembre 2020\" class=\"wp-image-193107\" width=\"250\" height=\"167\" srcset=\"https:\/\/lafrenchcoop.fr\/site\/wp-content\/uploads\/2021\/06\/Le-Parisien-27-novembre-2020-500x333.jpg 500w, https:\/\/lafrenchcoop.fr\/site\/wp-content\/uploads\/2021\/06\/Le-Parisien-27-novembre-2020-1024x683.jpg 1024w, https:\/\/lafrenchcoop.fr\/site\/wp-content\/uploads\/2021\/06\/Le-Parisien-27-novembre-2020-768x512.jpg 768w, https:\/\/lafrenchcoop.fr\/site\/wp-content\/uploads\/2021\/06\/Le-Parisien-27-novembre-2020-1536x1024.jpg 1536w, https:\/\/lafrenchcoop.fr\/site\/wp-content\/uploads\/2021\/06\/Le-Parisien-27-novembre-2020-2048x1365.jpg 2048w, https:\/\/lafrenchcoop.fr\/site\/wp-content\/uploads\/2021\/06\/Le-Parisien-27-novembre-2020-360x240.jpg 360w\" sizes=\"(max-width: 250px) 100vw, 250px\" \/><\/a><\/figure>\n<\/div>\n<\/div>\n\n\n\n<div class=\"wp-block-columns\">\n<div class=\"wp-block-column\">\n<p class=\"has-text-align-center has-accent-color has-text-color\"><strong><a href=\"https:\/\/www.leparisien.fr\/hauts-de-seine-92\/dans-l-asnieres-favorise-ou-le-gennevilliers-populaire-les-epiceries-cooperatives-cartonnent-27-11-2020-8410848.php\" target=\"_blank\" rel=\"noreferrer noopener\">Asni\u00e8res infos<br>Janvier 2020 (n\u00b0408 p.28)<\/a><\/strong><\/p>\n<\/div>\n\n\n\n<div class=\"wp-block-column\">\n<p class=\"has-text-align-center has-accent-color has-text-color\"><strong><a rel=\"noreferrer noopener\" href=\"http:\/\/www.leparisien.fr\/amp\/hauts-de-seine-92\/asnieres-ils-l-ont-ouverte-leur-epicerie-cooperative-27-12-2019-8225067.php?__twitter_impression=true\" target=\"_blank\">Le Parisien <\/a><\/strong><br><strong><a rel=\"noreferrer noopener\" href=\"http:\/\/www.leparisien.fr\/amp\/hauts-de-seine-92\/asnieres-ils-l-ont-ouverte-leur-epicerie-cooperative-27-12-2019-8225067.php?__twitter_impression=true\" target=\"_blank\">27 d\u00e9cembre 2019<\/a><\/strong><\/p>\n<\/div>\n\n\n\n<div class=\"wp-block-column\">\n<p class=\"has-text-align-center has-accent-color has-text-color\"><a href=\"http:\/\/www.leparisien.fr\/hauts-de-seine-92\/asnieres-desormais-financee-l-epicerie-cooperative-espere-ouvrir-au-printemps-03-12-2018-7959687.php#xtor=AD-1481423553\" target=\"_blank\" rel=\"noreferrer noopener\"><strong>Le Parisien <\/strong><br><strong>3 d\u00e9cembre 2018<\/strong><\/a><\/p>\n<\/div>\n<\/div>\n\n\n\n<div class=\"wp-block-columns\">\n<div class=\"wp-block-column\">\n<figure class=\"wp-block-image size-medium is-resized\"><img loading=\"lazy\" src=\"https:\/\/lafrenchcoop.fr\/site\/wp-content\/uploads\/2021\/06\/Asnieres-info-Janvier-2020-500x333.png\" alt=\"\" class=\"wp-image-193111\" width=\"250\" height=\"167\" srcset=\"https:\/\/lafrenchcoop.fr\/site\/wp-content\/uploads\/2021\/06\/Asnieres-info-Janvier-2020-500x333.png 500w, https:\/\/lafrenchcoop.fr\/site\/wp-content\/uploads\/2021\/06\/Asnieres-info-Janvier-2020-1024x683.png 1024w, https:\/\/lafrenchcoop.fr\/site\/wp-content\/uploads\/2021\/06\/Asnieres-info-Janvier-2020-768x512.png 768w, https:\/\/lafrenchcoop.fr\/site\/wp-content\/uploads\/2021\/06\/Asnieres-info-Janvier-2020-1536x1024.png 1536w, https:\/\/lafrenchcoop.fr\/site\/wp-content\/uploads\/2021\/06\/Asnieres-info-Janvier-2020-2048x1365.png 2048w, https:\/\/lafrenchcoop.fr\/site\/wp-content\/uploads\/2021\/06\/Asnieres-info-Janvier-2020-360x240.png 360w\" sizes=\"(max-width: 250px) 100vw, 250px\" \/><\/figure>\n<\/div>\n\n\n\n<div class=\"wp-block-column\">\n<div class=\"wp-block-image\"><figure class=\"aligncenter size-medium is-resized\"><a href=\"http:\/\/www.leparisien.fr\/amp\/hauts-de-seine-92\/asnieres-ils-l-ont-ouverte-leur-epicerie-cooperative-27-12-2019-8225067.php?__twitter_impression=true\" target=\"_blank\" rel=\"noreferrer noopener\"><img loading=\"lazy\" src=\"https:\/\/lafrenchcoop.fr\/site\/wp-content\/uploads\/2020\/04\/le-parisien-27122019-300x298.png\" alt=\"\" class=\"wp-image-56173\" width=\"225\" height=\"224\" srcset=\"https:\/\/lafrenchcoop.fr\/site\/wp-content\/uploads\/2020\/04\/le-parisien-27122019-300x298.png 300w, https:\/\/lafrenchcoop.fr\/site\/wp-content\/uploads\/2020\/04\/le-parisien-27122019-1024x1016.png 1024w, https:\/\/lafrenchcoop.fr\/site\/wp-content\/uploads\/2020\/04\/le-parisien-27122019-150x150.png 150w, https:\/\/lafrenchcoop.fr\/site\/wp-content\/uploads\/2020\/04\/le-parisien-27122019-768x762.png 768w, https:\/\/lafrenchcoop.fr\/site\/wp-content\/uploads\/2020\/04\/le-parisien-27122019-1536x1524.png 1536w, https:\/\/lafrenchcoop.fr\/site\/wp-content\/uploads\/2020\/04\/le-parisien-27122019.png 2042w\" sizes=\"(max-width: 225px) 100vw, 225px\" \/><\/a><\/figure><\/div>\n<\/div>\n\n\n\n<div class=\"wp-block-column\">\n<figure class=\"wp-block-image size-medium is-resized\"><a href=\"http:\/\/www.leparisien.fr\/hauts-de-seine-92\/asnieres-desormais-financee-l-epicerie-cooperative-espere-ouvrir-au-printemps-03-12-2018-7959687.php#xtor=AD-1481423553\" target=\"_blank\" rel=\"noreferrer noopener\"><img loading=\"lazy\" src=\"https:\/\/lafrenchcoop.fr\/site\/wp-content\/uploads\/2020\/04\/le-parisien-03122018-300x202.png\" alt=\"\" class=\"wp-image-56178\" width=\"225\" height=\"152\" srcset=\"https:\/\/lafrenchcoop.fr\/site\/wp-content\/uploads\/2020\/04\/le-parisien-03122018-300x202.png 300w, https:\/\/lafrenchcoop.fr\/site\/wp-content\/uploads\/2020\/04\/le-parisien-03122018-1024x688.png 1024w, https:\/\/lafrenchcoop.fr\/site\/wp-content\/uploads\/2020\/04\/le-parisien-03122018-768x516.png 768w, https:\/\/lafrenchcoop.fr\/site\/wp-content\/uploads\/2020\/04\/le-parisien-03122018-1536x1032.png 1536w, https:\/\/lafrenchcoop.fr\/site\/wp-content\/uploads\/2020\/04\/le-parisien-03122018-2048x1376.png 2048w\" sizes=\"(max-width: 225px) 100vw, 225px\" \/><\/a><\/figure>\n<\/div>\n<\/div>\n\n\n\n<div class=\"wp-block-columns\">\n<div class=\"wp-block-column\">\n<p class=\"has-text-align-center has-accent-color has-text-color\"><a href=\"http:\/\/www.leparisien.fr\/hauts-de-seine-92\/asnieres-epicerie-cooperative-cherche-adherents-pour-consommer-autrement-10-10-2018-7915944.php\" target=\"_blank\" rel=\"noreferrer noopener\"><strong>Le Parisien<\/strong><br><strong>11 octobre 2018<\/strong><\/a><\/p>\n<\/div>\n\n\n\n<div class=\"wp-block-column\">\n<p class=\"has-text-align-center has-accent-color has-text-color\"><strong><a href=\"http:\/\/www.leparisien.fr\/hauts-de-seine-92\/asnieres-decouvrez-food-coop-a-l-alcazar-23-09-2018-7899792.php\" target=\"_blank\" rel=\"noreferrer noopener\">Le Parisien <br>23 sept 2018<\/a><\/strong><\/p>\n<\/div>\n\n\n\n<div class=\"wp-block-column\">\n<p class=\"has-text-align-center has-accent-color has-text-color\"><strong><a href=\"http:\/\/www.leparisien.fr\/hauts-de-seine-92\/asnieres-sur-seine-92600\/rejoignez-frederic-et-patricia-pour-ouvrir-un-supermarche-cooperatif-a-asnieres-17-10-2017-7337991.php\" target=\"_blank\" rel=\"noreferrer noopener\">Le Parisien <\/a><\/strong><br><strong><a href=\"http:\/\/www.leparisien.fr\/hauts-de-seine-92\/asnieres-sur-seine-92600\/rejoignez-frederic-et-patricia-pour-ouvrir-un-supermarche-cooperatif-a-asnieres-17-10-2017-7337991.php\" target=\"_blank\" rel=\"noreferrer noopener\">17 oct 2017<\/a><\/strong><\/p>\n<\/div>\n<\/div>\n\n\n\n<div class=\"wp-block-columns\">\n<div class=\"wp-block-column\">\n<figure class=\"wp-block-image size-large is-resized\"><a href=\"http:\/\/www.leparisien.fr\/hauts-de-seine-92\/asnieres-epicerie-cooperative-cherche-adherents-pour-consommer-autrement-10-10-2018-7915944.php\" target=\"_blank\" rel=\"noopener\"><img loading=\"lazy\" src=\"https:\/\/lafrenchcoop.fr\/site\/wp-content\/uploads\/2020\/04\/le-parisien-11102018-1024x726.png\" alt=\"\" class=\"wp-image-56180\" width=\"256\" height=\"182\" srcset=\"https:\/\/lafrenchcoop.fr\/site\/wp-content\/uploads\/2020\/04\/le-parisien-11102018-1024x726.png 1024w, https:\/\/lafrenchcoop.fr\/site\/wp-content\/uploads\/2020\/04\/le-parisien-11102018-300x213.png 300w, https:\/\/lafrenchcoop.fr\/site\/wp-content\/uploads\/2020\/04\/le-parisien-11102018-768x545.png 768w, https:\/\/lafrenchcoop.fr\/site\/wp-content\/uploads\/2020\/04\/le-parisien-11102018-1536x1089.png 1536w, https:\/\/lafrenchcoop.fr\/site\/wp-content\/uploads\/2020\/04\/le-parisien-11102018-2048x1452.png 2048w\" sizes=\"(max-width: 256px) 100vw, 256px\" \/><\/a><\/figure>\n<\/div>\n\n\n\n<div class=\"wp-block-column\">\n<figure class=\"wp-block-image size-medium is-resized\"><a href=\"http:\/\/www.leparisien.fr\/hauts-de-seine-92\/asnieres-decouvrez-food-coop-a-l-alcazar-23-09-2018-7899792.php\" target=\"_blank\" rel=\"noreferrer noopener\"><img loading=\"lazy\" src=\"https:\/\/lafrenchcoop.fr\/site\/wp-content\/uploads\/2020\/04\/le-parisien-23092018-300x243.png\" alt=\"\" class=\"wp-image-56182\" width=\"225\" height=\"182\" srcset=\"https:\/\/lafrenchcoop.fr\/site\/wp-content\/uploads\/2020\/04\/le-parisien-23092018-300x243.png 300w, https:\/\/lafrenchcoop.fr\/site\/wp-content\/uploads\/2020\/04\/le-parisien-23092018-1024x831.png 1024w, https:\/\/lafrenchcoop.fr\/site\/wp-content\/uploads\/2020\/04\/le-parisien-23092018-768x623.png 768w, https:\/\/lafrenchcoop.fr\/site\/wp-content\/uploads\/2020\/04\/le-parisien-23092018-1536x1246.png 1536w, https:\/\/lafrenchcoop.fr\/site\/wp-content\/uploads\/2020\/04\/le-parisien-23092018-2048x1662.png 2048w\" sizes=\"(max-width: 225px) 100vw, 225px\" \/><\/a><\/figure>\n<\/div>\n\n\n\n<div class=\"wp-block-column\">\n<div class=\"wp-block-image\"><figure class=\"aligncenter size-medium is-resized\"><a href=\"http:\/\/www.leparisien.fr\/hauts-de-seine-92\/asnieres-sur-seine-92600\/rejoignez-frederic-et-patricia-pour-ouvrir-un-supermarche-cooperatif-a-asnieres-17-10-2017-7337991.php\" target=\"_blank\" rel=\"noopener\"><img loading=\"lazy\" src=\"https:\/\/lafrenchcoop.fr\/site\/wp-content\/uploads\/2020\/04\/le-parisien-17102017-300x202.png\" alt=\"\" class=\"wp-image-56183\" width=\"225\" height=\"152\" srcset=\"https:\/\/lafrenchcoop.fr\/site\/wp-content\/uploads\/2020\/04\/le-parisien-17102017-300x202.png 300w, https:\/\/lafrenchcoop.fr\/site\/wp-content\/uploads\/2020\/04\/le-parisien-17102017-1024x690.png 1024w, https:\/\/lafrenchcoop.fr\/site\/wp-content\/uploads\/2020\/04\/le-parisien-17102017-768x517.png 768w, https:\/\/lafrenchcoop.fr\/site\/wp-content\/uploads\/2020\/04\/le-parisien-17102017-1536x1034.png 1536w, https:\/\/lafrenchcoop.fr\/site\/wp-content\/uploads\/2020\/04\/le-parisien-17102017-2048x1379.png 2048w\" sizes=\"(max-width: 225px) 100vw, 225px\" \/><\/a><\/figure><\/div>\n<\/div>\n<\/div>\n\n\n\n<p><\/p>\n","protected":false},"excerpt":{"rendered":"<p>T\u00e9l\u00e9charger le communiqu\u00e9 de presse de nos 1 an T\u00e9l\u00e9charger notre dossier de presse Revue de presse Asni\u00e8res infosJuin 2021 (n\u00b0421 p. 30) Le Parisien27 novembre 2020 Asni\u00e8res infosJanvier 2020 (n\u00b0408 p.28) Le Parisien 27 d\u00e9cembre 2019 Le Parisien 3 d\u00e9cembre 2018 Le Parisien11 octobre 2018 Le Parisien 23 sept [&hellip;]<\/p>\n","protected":false},"author":4,"featured_media":0,"parent":0,"menu_order":0,"comment_status":"closed","ping_status":"closed","template":"","meta":[],"yoast_head":"<!-- This site is optimized with the Yoast SEO plugin v17.9 - https:\/\/yoast.com\/wordpress\/plugins\/seo\/ -->\n<title>Presse - La French Coop<\/title>\n<meta name=\"robots\" content=\"index, follow, max-snippet:-1, max-image-preview:large, max-video-preview:-1\" \/>\n<link rel=\"canonical\" href=\"https:\/\/lafrenchcoop.fr\/site\/presse\" \/>\n<meta property=\"og:locale\" content=\"fr_FR\" \/>\n<meta property=\"og:type\" content=\"article\" \/>\n<meta property=\"og:title\" content=\"Presse - La French Coop\" \/>\n<meta property=\"og:description\" content=\"T\u00e9l\u00e9charger le communiqu\u00e9 de presse de nos 1 an T\u00e9l\u00e9charger notre dossier de presse Revue de presse Asni\u00e8res infosJuin 2021 (n\u00b0421 p. 30) Le Parisien27 novembre 2020 Asni\u00e8res infosJanvier 2020 (n\u00b0408 p.28) Le Parisien 27 d\u00e9cembre 2019 Le Parisien 3 d\u00e9cembre 2018 Le Parisien11 octobre 2018 Le Parisien 23 sept [&hellip;]\" \/>\n<meta property=\"og:url\" content=\"https:\/\/lafrenchcoop.fr\/site\/presse\" \/>\n<meta property=\"og:site_name\" content=\"La French Coop\" \/>\n<meta property=\"article:publisher\" content=\"https:\/\/www.facebook.com\/lafrenchcoop\/\" \/>\n<meta property=\"article:modified_time\" content=\"2021-09-03T14:20:51+00:00\" \/>\n<meta property=\"og:image\" content=\"https:\/\/lafrenchcoop.fr\/site\/wp-content\/uploads\/2020\/11\/La-French-Coop-1-an-logo-500x504.png\" \/>\n<meta name=\"twitter:card\" content=\"summary_large_image\" \/>\n<meta name=\"twitter:site\" content=\"@FrenchCoop\" \/>\n<meta name=\"twitter:label1\" content=\"Dur\u00e9e de lecture estim\u00e9e\" \/>\n\t<meta name=\"twitter:data1\" content=\"3 minutes\" \/>\n<script type=\"application\/ld+json\" class=\"yoast-schema-graph\">{\"@context\":\"https:\/\/schema.org\",\"@graph\":[{\"@type\":\"WebSite\",\"@id\":\"https:\/\/lafrenchcoop.fr\/site\/#website\",\"url\":\"https:\/\/lafrenchcoop.fr\/site\/\",\"name\":\"La French Coop\",\"description\":\"L&#039;\\u00e9picerie coop\\u00e9rative et participative d&#039;Asni\\u00e8res-sur-Seine !\",\"potentialAction\":[{\"@type\":\"SearchAction\",\"target\":{\"@type\":\"EntryPoint\",\"urlTemplate\":\"https:\/\/lafrenchcoop.fr\/site\/?s={search_term_string}\"},\"query-input\":\"required name=search_term_string\"}],\"inLanguage\":\"fr-FR\"},{\"@type\":\"ImageObject\",\"@id\":\"https:\/\/lafrenchcoop.fr\/site\/presse#primaryimage\",\"inLanguage\":\"fr-FR\",\"url\":\"https:\/\/lafrenchcoop.fr\/site\/wp-content\/uploads\/2020\/11\/La-French-Coop-1-an-logo.png\",\"contentUrl\":\"https:\/\/lafrenchcoop.fr\/site\/wp-content\/uploads\/2020\/11\/La-French-Coop-1-an-logo.png\",\"width\":1342,\"height\":1352,\"caption\":\"La French Coop l'\\u00e9picerie f\\u00eate son premier anniversaire\"},{\"@type\":\"WebPage\",\"@id\":\"https:\/\/lafrenchcoop.fr\/site\/presse#webpage\",\"url\":\"https:\/\/lafrenchcoop.fr\/site\/presse\",\"name\":\"Presse - La French Coop\",\"isPartOf\":{\"@id\":\"https:\/\/lafrenchcoop.fr\/site\/#website\"},\"primaryImageOfPage\":{\"@id\":\"https:\/\/lafrenchcoop.fr\/site\/presse#primaryimage\"},\"datePublished\":\"2018-10-05T21:22:53+00:00\",\"dateModified\":\"2021-09-03T14:20:51+00:00\",\"breadcrumb\":{\"@id\":\"https:\/\/lafrenchcoop.fr\/site\/presse#breadcrumb\"},\"inLanguage\":\"fr-FR\",\"potentialAction\":[{\"@type\":\"ReadAction\",\"target\":[\"https:\/\/lafrenchcoop.fr\/site\/presse\"]}]},{\"@type\":\"BreadcrumbList\",\"@id\":\"https:\/\/lafrenchcoop.fr\/site\/presse#breadcrumb\",\"itemListElement\":[{\"@type\":\"ListItem\",\"position\":1,\"name\":\"Accueil\",\"item\":\"https:\/\/lafrenchcoop.fr\/site\/\"},{\"@type\":\"ListItem\",\"position\":2,\"name\":\"Presse\"}]}]}<\/script>\n<!-- \/ Yoast SEO plugin. -->","yoast_head_json":{"title":"Presse - La French Coop","robots":{"index":"index","follow":"follow","max-snippet":"max-snippet:-1","max-image-preview":"max-image-preview:large","max-video-preview":"max-video-preview:-1"},"canonical":"https:\/\/lafrenchcoop.fr\/site\/presse","og_locale":"fr_FR","og_type":"article","og_title":"Presse - La French Coop","og_description":"T\u00e9l\u00e9charger le communiqu\u00e9 de presse de nos 1 an T\u00e9l\u00e9charger notre dossier de presse Revue de presse Asni\u00e8res infosJuin 2021 (n\u00b0421 p. 30) Le Parisien27 novembre 2020 Asni\u00e8res infosJanvier 2020 (n\u00b0408 p.28) Le Parisien 27 d\u00e9cembre 2019 Le Parisien 3 d\u00e9cembre 2018 Le Parisien11 octobre 2018 Le Parisien 23 sept [&hellip;]","og_url":"https:\/\/lafrenchcoop.fr\/site\/presse","og_site_name":"La French Coop","article_publisher":"https:\/\/www.facebook.com\/lafrenchcoop\/","article_modified_time":"2021-09-03T14:20:51+00:00","og_image":[{"url":"https:\/\/lafrenchcoop.fr\/site\/wp-content\/uploads\/2020\/11\/La-French-Coop-1-an-logo-500x504.png"}],"twitter_card":"summary_large_image","twitter_site":"@FrenchCoop","twitter_misc":{"Dur\u00e9e de lecture estim\u00e9e":"3 minutes"},"schema":{"@context":"https:\/\/schema.org","@graph":[{"@type":"WebSite","@id":"https:\/\/lafrenchcoop.fr\/site\/#website","url":"https:\/\/lafrenchcoop.fr\/site\/","name":"La French Coop","description":"L&#039;\u00e9picerie coop\u00e9rative et participative d&#039;Asni\u00e8res-sur-Seine !","potentialAction":[{"@type":"SearchAction","target":{"@type":"EntryPoint","urlTemplate":"https:\/\/lafrenchcoop.fr\/site\/?s={search_term_string}"},"query-input":"required name=search_term_string"}],"inLanguage":"fr-FR"},{"@type":"ImageObject","@id":"https:\/\/lafrenchcoop.fr\/site\/presse#primaryimage","inLanguage":"fr-FR","url":"https:\/\/lafrenchcoop.fr\/site\/wp-content\/uploads\/2020\/11\/La-French-Coop-1-an-logo.png","contentUrl":"https:\/\/lafrenchcoop.fr\/site\/wp-content\/uploads\/2020\/11\/La-French-Coop-1-an-logo.png","width":1342,"height":1352,"caption":"La French Coop l'\u00e9picerie f\u00eate son premier anniversaire"},{"@type":"WebPage","@id":"https:\/\/lafrenchcoop.fr\/site\/presse#webpage","url":"https:\/\/lafrenchcoop.fr\/site\/presse","name":"Presse - La French Coop","isPartOf":{"@id":"https:\/\/lafrenchcoop.fr\/site\/#website"},"primaryImageOfPage":{"@id":"https:\/\/lafrenchcoop.fr\/site\/presse#primaryimage"},"datePublished":"2018-10-05T21:22:53+00:00","dateModified":"2021-09-03T14:20:51+00:00","breadcrumb":{"@id":"https:\/\/lafrenchcoop.fr\/site\/presse#breadcrumb"},"inLanguage":"fr-FR","potentialAction":[{"@type":"ReadAction","target":["https:\/\/lafrenchcoop.fr\/site\/presse"]}]},{"@type":"BreadcrumbList","@id":"https:\/\/lafrenchcoop.fr\/site\/presse#breadcrumb","itemListElement":[{"@type":"ListItem","position":1,"name":"Accueil","item":"https:\/\/lafrenchcoop.fr\/site\/"},{"@type":"ListItem","position":2,"name":"Presse"}]}]}},"_links":{"self":[{"href":"https:\/\/lafrenchcoop.fr\/site\/wp-json\/wp\/v2\/pages\/2612"}],"collection":[{"href":"https:\/\/lafrenchcoop.fr\/site\/wp-json\/wp\/v2\/pages"}],"about":[{"href":"https:\/\/lafrenchcoop.fr\/site\/wp-json\/wp\/v2\/types\/page"}],"author":[{"embeddable":true,"href":"https:\/\/lafrenchcoop.fr\/site\/wp-json\/wp\/v2\/users\/4"}],"replies":[{"embeddable":true,"href":"https:\/\/lafrenchcoop.fr\/site\/wp-json\/wp\/v2\/comments?post=2612"}],"version-history":[{"count":43,"href":"https:\/\/lafrenchcoop.fr\/site\/wp-json\/wp\/v2\/pages\/2612\/revisions"}],"predecessor-version":[{"id":193124,"href":"https:\/\/lafrenchcoop.fr\/site\/wp-json\/wp\/v2\/pages\/2612\/revisions\/193124"}],"wp:attachment":[{"href":"https:\/\/lafrenchcoop.fr\/site\/wp-json\/wp\/v2\/media?parent=2612"}],"curies":[{"name":"wp","href":"https:\/\/api.w.org\/{rel}","templated":true}]}}