{"id":3,"date":"2018-09-23T18:20:41","date_gmt":"2018-09-23T16:20:41","guid":{"rendered":"http:\/\/lafrenchcoop.fr\/site\/?page_id=3"},"modified":"2025-09-24T01:35:42","modified_gmt":"2025-09-23T23:35:42","slug":"politique-de-confidentialite","status":"publish","type":"page","link":"https:\/\/lafrenchcoop.fr\/site\/politique-de-confidentialite","title":{"rendered":"Mentions l\u00e9gales"},"content":{"rendered":"<p>Tous les renseignements inscrits dans ces mentions l\u00e9gales m\u00e9ritent toute votre attention. Elles vous informent sur un certain nombre d\u2019obligation de notre part mais aussi de votre part.<\/p>\n<h2><strong>\u00c9diteur du Site<br \/><\/strong><\/h2>\n<p>La French Coop<\/p>\n<p>20 rue Maurice Bokanowski \u2013 92600 Asni\u00e8res-sur-Seine<\/p>\n<p>Email\u00a0: contact@lafrenchcoop.fr<\/p>\n<p>Site Web\u00a0: <a href=\"https:\/\/lafrenchcoop.fr\">https:\/\/lafrenchcoop.fr<\/a><\/p>\n<p><strong>Directeur de la publication :<\/strong> C\u00e9lia Rastoin<strong><br \/><\/strong><\/p>\n<p>D\u00e9veloppement : La French Coop &amp; Cie<\/p>\n<h2><strong>H\u00e9bergeur<br \/><\/strong><\/h2>\n<p>OVH<\/p>\n<p>RCS Roubaix \u2013 Tourcoing 424 761 419 00045<\/p>\n<p>Code APE 6202A \u2013 N\u00b0 TVA : FR 22 424 761\u00a0419<\/p>\n<p>2 rue Kellermann \u2013 59100 Roubaix \u2013 France<\/p>\n<p>Site Web : www.ovh.fr<\/p>\n<h2><strong>Propri\u00e9t\u00e9 intellectuelle<br \/><\/strong><\/h2>\n<p>L\u2019ensemble de ce site est r\u00e9gi par la l\u00e9gislation fran\u00e7aise sur le droit d\u2019auteur et la propri\u00e9t\u00e9 intellectuelle. Le contenu du site, incluant, de fa\u00e7on non limitative, les images, graphismes, textes, vid\u00e9os, logos, et ic\u00f4nes sont la propri\u00e9t\u00e9 exclusive de l\u2019association Les Amis De La French Coop \u00e0 l\u2019exception de contenus pouvant appartenir \u00e0 d\u2019autres partenaires ou auteurs.<\/p>\n<p>La reproduction, la repr\u00e9sentation, le transfert, la distribution, ou l\u2019enregistrement de tout ou partie de ces \u00e9l\u00e9ments est formellement interdit suivant l\u2019article L.335-2 du Code de la propri\u00e9t\u00e9 intellectuelle.<\/p>\n<p>Il vous est possible de soumettre une demande d\u2019autorisation en adressant un courriel \u00e0 contact@lafrenchcoop.fr. Nous nous r\u00e9servons le droit d\u2019autoriser ou de refuser sans en justifier la raison.<\/p>\n<h2><strong>Cookies<\/strong><\/h2>\n<p>Pour des besoins statistiques et d\u2019affichage, le site\u00a0https:\/\/lafrenchcoop.fr peut \u00eatre amen\u00e9 \u00e0 vous demander l\u2019acceptation des cookies. Un cookie est une information d\u00e9pos\u00e9e sur votre disque dur par le serveur du site que vous visitez. Il contient plusieurs donn\u00e9es qui sont stock\u00e9es sur votre ordinateur dans un simple fichier texte auquel un serveur acc\u00e8de pour lire et enregistrer des informations.<\/p>\n<p>Nous pouvons \u00e9galement collecter de mani\u00e8re automatique certaines informations vous concernant lors d\u2019une simple navigation sur notre site Internet, notamment : des informations concernant l\u2019utilisation de notre site, comme les zones que vous visitez et les services auxquels vous acc\u00e9dez, votre adresse IP, le type de votre navigateur, vos temps d\u2019acc\u00e8s.<\/p>\n<p>De telles informations sont utilis\u00e9es exclusivement \u00e0 des fins de statistiques internes, de mani\u00e8re \u00e0 am\u00e9liorer la qualit\u00e9 des services qui vous sont propos\u00e9s. Les bases de donn\u00e9es sont prot\u00e9g\u00e9es par les dispositions de la loi du 1er juillet 1998 transposant la directive 96\/9 du 11 mars 1996 relative \u00e0 la protection juridique des bases de donn\u00e9es.<\/p>\n<h2><strong>Mises \u00e0 jour<br \/><\/strong><\/h2>\n<p>Le site https:\/\/lafrenchcoop.fr est r\u00e9guli\u00e8rement mis \u00e0 jour. Nous nous effor\u00e7ons de fournir des informations aussi pr\u00e9cises que possible. Les renseignements figurant sur le site\u00a0<a href=\"https:\/\/lafrenchcoop.fr\">https:\/\/lafrenchcoop.fr<\/a> ne sont pas exhaustifs et les photos sont non contractuelles.<\/p>\n<p>Par ailleurs, toutes les informations, photos ou textes indiqu\u00e9s sur le site https:\/\/lafrenchcoop.fr\/ sont donn\u00e9s \u00e0 titre indicatif et sont susceptibles de changer au cours de la vie de l\u2019association Les Amis De La French Coop.<\/p>\n<p>Si vous constatez une erreur ou un dysfonctionnement, vous pouvez nous en informer via : contact@lafrenchcoop.fr.<\/p>\n<h2><strong>Donn\u00e9es personnelles<br \/><\/strong><\/h2>\n<p>La plupart des fichiers de donn\u00e9es personnelles n&rsquo;ayant plus \u00e0 \u00eatre d\u00e9clar\u00e9s \u00e0 la CNIL depuis le 25 mai 2018, date d&rsquo;entr\u00e9e en application du RGPD, les Amis De La French Coop se doivent toutefois de respecter l\u2019objectif de conformit\u00e9\u00a0:<\/p>\n<ul>\n<li>Informer les personnes des conditions dans lesquelles nous traiterons vos donn\u00e9es<\/li>\n<\/ul>\n<p>Lors de votre visite sur le site https:\/\/lafrenchcoop.fr vous n\u2019\u00eates pas tenus de nous communiquer vos donn\u00e9es personnelles. Par contre, pour certains services (comme l\u2019abonnement \u00e0 la newsletter par exemple), il vous faudra nous communiquer certaines informations comme votre\u00a0adresse mail, nom ou pr\u00e9nom (liste non exhaustive).<\/p>\n<p>Il vous est possible de refuser mais vous ne pourrez b\u00e9n\u00e9ficier de ces services.<\/p>\n<ul>\n<li>Pr\u00e9voir des mesures de s\u00e9curit\u00e9 adapt\u00e9es au regard des risques<\/li>\n<li>Avoir un membre D\u00e9l\u00e9gu\u00e9 \u00e0 la protection des donn\u00e9es (DPO) dans la mesure du possible<\/li>\n<li>Inscrire notre fichier dans le registre des activit\u00e9s de traitement.<\/li>\n<\/ul>\n<h2><strong>Litiges<br \/><\/strong><\/h2>\n<p>Si malgr\u00e9 ces informations et conditions concernant le site\u00a0https:\/\/lafrenchcoop.fr des litiges venaient \u00e0 na\u00eetre ceux-ci seront de la comp\u00e9tence exclusive des tribunaux dont d\u00e9pend le si\u00e8ge social de la soci\u00e9t\u00e9.<strong><\/strong><\/p>\n\n\n<div class=\"wp-block-image\"><figure class=\"aligncenter\"><img loading=\"lazy\" width=\"300\" height=\"227\" src=\"https:\/\/lafrenchcoop.fr\/site\/wp-content\/uploads\/2018\/10\/e-mail-3239670_1920-300x227.jpg\" alt=\"\" class=\"wp-image-3025\" srcset=\"https:\/\/lafrenchcoop.fr\/site\/wp-content\/uploads\/2018\/10\/e-mail-3239670_1920-300x227.jpg 300w, https:\/\/lafrenchcoop.fr\/site\/wp-content\/uploads\/2018\/10\/e-mail-3239670_1920-768x580.jpg 768w, https:\/\/lafrenchcoop.fr\/site\/wp-content\/uploads\/2018\/10\/e-mail-3239670_1920-1024x773.jpg 1024w, https:\/\/lafrenchcoop.fr\/site\/wp-content\/uploads\/2018\/10\/e-mail-3239670_1920.jpg 1920w\" sizes=\"(max-width: 300px) 100vw, 300px\" \/><\/figure><\/div>\n","protected":false},"excerpt":{"rendered":"<p>Tous les renseignements inscrits dans ces mentions l\u00e9gales m\u00e9ritent toute votre attention. Elles vous informent sur un certain nombre d\u2019obligation de notre part mais aussi de votre part. \u00c9diteur du Site La French Coop 20 rue Maurice Bokanowski \u2013 92600 Asni\u00e8res-sur-Seine Email\u00a0: contact@lafrenchcoop.fr Site Web\u00a0: https:\/\/lafrenchcoop.fr Directeur de la publication [&hellip;]<\/p>\n","protected":false},"author":4,"featured_media":0,"parent":0,"menu_order":0,"comment_status":"closed","ping_status":"open","template":"","meta":[],"yoast_head":"<!-- This site is optimized with the Yoast SEO plugin v17.9 - https:\/\/yoast.com\/wordpress\/plugins\/seo\/ -->\n<title>Mentions l\u00e9gales - La French Coop<\/title>\n<meta name=\"robots\" content=\"index, follow, max-snippet:-1, max-image-preview:large, max-video-preview:-1\" \/>\n<link rel=\"canonical\" href=\"https:\/\/lafrenchcoop.fr\/site\/politique-de-confidentialite\" \/>\n<meta property=\"og:locale\" content=\"fr_FR\" \/>\n<meta property=\"og:type\" content=\"article\" \/>\n<meta property=\"og:title\" content=\"Mentions l\u00e9gales - La French Coop\" \/>\n<meta property=\"og:description\" content=\"Tous les renseignements inscrits dans ces mentions l\u00e9gales m\u00e9ritent toute votre attention. Elles vous informent sur un certain nombre d\u2019obligation de notre part mais aussi de votre part. \u00c9diteur du Site La French Coop 20 rue Maurice Bokanowski \u2013 92600 Asni\u00e8res-sur-Seine Email\u00a0: contact@lafrenchcoop.fr Site Web\u00a0: https:\/\/lafrenchcoop.fr Directeur de la publication [&hellip;]\" \/>\n<meta property=\"og:url\" content=\"https:\/\/lafrenchcoop.fr\/site\/politique-de-confidentialite\" \/>\n<meta property=\"og:site_name\" content=\"La French Coop\" \/>\n<meta property=\"article:publisher\" content=\"https:\/\/www.facebook.com\/lafrenchcoop\/\" \/>\n<meta property=\"article:modified_time\" content=\"2025-09-23T23:35:42+00:00\" \/>\n<meta property=\"og:image\" content=\"https:\/\/lafrenchcoop.fr\/site\/wp-content\/uploads\/2018\/10\/e-mail-3239670_1920-300x227.jpg\" \/>\n<meta name=\"twitter:card\" content=\"summary_large_image\" \/>\n<meta name=\"twitter:site\" content=\"@FrenchCoop\" \/>\n<meta name=\"twitter:label1\" content=\"Dur\u00e9e de lecture estim\u00e9e\" \/>\n\t<meta name=\"twitter:data1\" content=\"4 minutes\" \/>\n<script type=\"application\/ld+json\" class=\"yoast-schema-graph\">{\"@context\":\"https:\/\/schema.org\",\"@graph\":[{\"@type\":\"WebSite\",\"@id\":\"https:\/\/lafrenchcoop.fr\/site\/#website\",\"url\":\"https:\/\/lafrenchcoop.fr\/site\/\",\"name\":\"La French Coop\",\"description\":\"L&#039;\\u00e9picerie coop\\u00e9rative et participative d&#039;Asni\\u00e8res-sur-Seine !\",\"potentialAction\":[{\"@type\":\"SearchAction\",\"target\":{\"@type\":\"EntryPoint\",\"urlTemplate\":\"https:\/\/lafrenchcoop.fr\/site\/?s={search_term_string}\"},\"query-input\":\"required name=search_term_string\"}],\"inLanguage\":\"fr-FR\"},{\"@type\":\"ImageObject\",\"@id\":\"https:\/\/lafrenchcoop.fr\/site\/politique-de-confidentialite#primaryimage\",\"inLanguage\":\"fr-FR\",\"url\":\"https:\/\/lafrenchcoop.fr\/site\/wp-content\/uploads\/2018\/10\/e-mail-3239670_1920.jpg\",\"contentUrl\":\"https:\/\/lafrenchcoop.fr\/site\/wp-content\/uploads\/2018\/10\/e-mail-3239670_1920.jpg\",\"width\":1920,\"height\":1450},{\"@type\":\"WebPage\",\"@id\":\"https:\/\/lafrenchcoop.fr\/site\/politique-de-confidentialite#webpage\",\"url\":\"https:\/\/lafrenchcoop.fr\/site\/politique-de-confidentialite\",\"name\":\"Mentions l\\u00e9gales - La French Coop\",\"isPartOf\":{\"@id\":\"https:\/\/lafrenchcoop.fr\/site\/#website\"},\"primaryImageOfPage\":{\"@id\":\"https:\/\/lafrenchcoop.fr\/site\/politique-de-confidentialite#primaryimage\"},\"datePublished\":\"2018-09-23T16:20:41+00:00\",\"dateModified\":\"2025-09-23T23:35:42+00:00\",\"breadcrumb\":{\"@id\":\"https:\/\/lafrenchcoop.fr\/site\/politique-de-confidentialite#breadcrumb\"},\"inLanguage\":\"fr-FR\",\"potentialAction\":[{\"@type\":\"ReadAction\",\"target\":[\"https:\/\/lafrenchcoop.fr\/site\/politique-de-confidentialite\"]}]},{\"@type\":\"BreadcrumbList\",\"@id\":\"https:\/\/lafrenchcoop.fr\/site\/politique-de-confidentialite#breadcrumb\",\"itemListElement\":[{\"@type\":\"ListItem\",\"position\":1,\"name\":\"Accueil\",\"item\":\"https:\/\/lafrenchcoop.fr\/site\/\"},{\"@type\":\"ListItem\",\"position\":2,\"name\":\"Mentions l\\u00e9gales\"}]}]}<\/script>\n<!-- \/ Yoast SEO plugin. -->","yoast_head_json":{"title":"Mentions l\u00e9gales - La French Coop","robots":{"index":"index","follow":"follow","max-snippet":"max-snippet:-1","max-image-preview":"max-image-preview:large","max-video-preview":"max-video-preview:-1"},"canonical":"https:\/\/lafrenchcoop.fr\/site\/politique-de-confidentialite","og_locale":"fr_FR","og_type":"article","og_title":"Mentions l\u00e9gales - La French Coop","og_description":"Tous les renseignements inscrits dans ces mentions l\u00e9gales m\u00e9ritent toute votre attention. Elles vous informent sur un certain nombre d\u2019obligation de notre part mais aussi de votre part. \u00c9diteur du Site La French Coop 20 rue Maurice Bokanowski \u2013 92600 Asni\u00e8res-sur-Seine Email\u00a0: contact@lafrenchcoop.fr Site Web\u00a0: https:\/\/lafrenchcoop.fr Directeur de la publication [&hellip;]","og_url":"https:\/\/lafrenchcoop.fr\/site\/politique-de-confidentialite","og_site_name":"La French Coop","article_publisher":"https:\/\/www.facebook.com\/lafrenchcoop\/","article_modified_time":"2025-09-23T23:35:42+00:00","og_image":[{"url":"https:\/\/lafrenchcoop.fr\/site\/wp-content\/uploads\/2018\/10\/e-mail-3239670_1920-300x227.jpg"}],"twitter_card":"summary_large_image","twitter_site":"@FrenchCoop","twitter_misc":{"Dur\u00e9e de lecture estim\u00e9e":"4 minutes"},"schema":{"@context":"https:\/\/schema.org","@graph":[{"@type":"WebSite","@id":"https:\/\/lafrenchcoop.fr\/site\/#website","url":"https:\/\/lafrenchcoop.fr\/site\/","name":"La French Coop","description":"L&#039;\u00e9picerie coop\u00e9rative et participative d&#039;Asni\u00e8res-sur-Seine !","potentialAction":[{"@type":"SearchAction","target":{"@type":"EntryPoint","urlTemplate":"https:\/\/lafrenchcoop.fr\/site\/?s={search_term_string}"},"query-input":"required name=search_term_string"}],"inLanguage":"fr-FR"},{"@type":"ImageObject","@id":"https:\/\/lafrenchcoop.fr\/site\/politique-de-confidentialite#primaryimage","inLanguage":"fr-FR","url":"https:\/\/lafrenchcoop.fr\/site\/wp-content\/uploads\/2018\/10\/e-mail-3239670_1920.jpg","contentUrl":"https:\/\/lafrenchcoop.fr\/site\/wp-content\/uploads\/2018\/10\/e-mail-3239670_1920.jpg","width":1920,"height":1450},{"@type":"WebPage","@id":"https:\/\/lafrenchcoop.fr\/site\/politique-de-confidentialite#webpage","url":"https:\/\/lafrenchcoop.fr\/site\/politique-de-confidentialite","name":"Mentions l\u00e9gales - La French Coop","isPartOf":{"@id":"https:\/\/lafrenchcoop.fr\/site\/#website"},"primaryImageOfPage":{"@id":"https:\/\/lafrenchcoop.fr\/site\/politique-de-confidentialite#primaryimage"},"datePublished":"2018-09-23T16:20:41+00:00","dateModified":"2025-09-23T23:35:42+00:00","breadcrumb":{"@id":"https:\/\/lafrenchcoop.fr\/site\/politique-de-confidentialite#breadcrumb"},"inLanguage":"fr-FR","potentialAction":[{"@type":"ReadAction","target":["https:\/\/lafrenchcoop.fr\/site\/politique-de-confidentialite"]}]},{"@type":"BreadcrumbList","@id":"https:\/\/lafrenchcoop.fr\/site\/politique-de-confidentialite#breadcrumb","itemListElement":[{"@type":"ListItem","position":1,"name":"Accueil","item":"https:\/\/lafrenchcoop.fr\/site\/"},{"@type":"ListItem","position":2,"name":"Mentions l\u00e9gales"}]}]}},"_links":{"self":[{"href":"https:\/\/lafrenchcoop.fr\/site\/wp-json\/wp\/v2\/pages\/3"}],"collection":[{"href":"https:\/\/lafrenchcoop.fr\/site\/wp-json\/wp\/v2\/pages"}],"about":[{"href":"https:\/\/lafrenchcoop.fr\/site\/wp-json\/wp\/v2\/types\/page"}],"author":[{"embeddable":true,"href":"https:\/\/lafrenchcoop.fr\/site\/wp-json\/wp\/v2\/users\/4"}],"replies":[{"embeddable":true,"href":"https:\/\/lafrenchcoop.fr\/site\/wp-json\/wp\/v2\/comments?post=3"}],"version-history":[{"count":25,"href":"https:\/\/lafrenchcoop.fr\/site\/wp-json\/wp\/v2\/pages\/3\/revisions"}],"predecessor-version":[{"id":194483,"href":"https:\/\/lafrenchcoop.fr\/site\/wp-json\/wp\/v2\/pages\/3\/revisions\/194483"}],"wp:attachment":[{"href":"https:\/\/lafrenchcoop.fr\/site\/wp-json\/wp\/v2\/media?parent=3"}],"curies":[{"name":"wp","href":"https:\/\/api.w.org\/{rel}","templated":true}]}}