{"id":35050,"date":"2019-10-08T22:11:39","date_gmt":"2019-10-08T20:11:39","guid":{"rendered":"https:\/\/lafrenchcoop.fr\/site\/?page_id=35050"},"modified":"2020-07-08T20:48:24","modified_gmt":"2020-07-08T18:48:24","slug":"donateur-compagne-crowdfunding","status":"publish","type":"page","link":"https:\/\/lafrenchcoop.fr\/site\/donateur-compagne-crowdfunding","title":{"rendered":"Donateur campagne crowdfunding"},"content":{"rendered":"\n<h6 class=\"has-accent-color has-text-color\">Un grand merci \u00e0 tous les donateurs qui ont contribu\u00e9 au lancement de l\u2019\u00e9picerie test en participant \u00e0 notre campagne de crowfunding de 2019 :<\/h6>\n\n\n\n<p>\nCorinne ABITBOL &#8211; Armance AGEORGES &#8211; Eric ALBAR &#8211; Aristide \nARIVOUARASSANE &#8211; Laurence AUBURTIN DESOMBRE &#8211; Marc AUDUREAU &#8211; Am\u00e9lie \nAUMONIER &#8211; Fred AUVRAY &#8211; Eug\u00e9nie BAILLEAU &#8211; Anna Et Karen BAKER REYMOND &#8211;\n Florence BAPTISTE &#8211; Nicole BASTIN &#8211; Colombe BAUBION &#8211; Kim BENDELOW &#8211; \nMarion BERGER &#8211; Christian BERGERET &#8211; Dominique BERNARD &#8211; Beno\u00eet BERTH\u00c9 &#8211;\n Marion BERTRAND &#8211; Mathieu  BERTRAND &#8211; Marion BERTRAND JONVILLE &#8211; \nArmande BESSIRE &#8211; Amap BIO DEVANT &#8211; Beatriz  BISTU\u00c9 &#8211; Marine BIZIEN &#8211; \nGwendoline BLANCHARD &#8211; Alexandre BOIGUES &#8211; Jonathan BOISSIN &#8211; Fran\u00e7oise \nBOISSIN &#8211; H\u00e9l\u00e8ne  BOISSIN JONVILLE &#8211; Corinne et Pascal BOUCHET &#8211; Camille\n BOUDET &#8211; Dany BOURDILLEL &#8211; Roberte BOUVET &#8211; Pauline BOYRON-JULLIEN &#8211; \nBeatrice BRAJEUX &#8211; Sylvie BREGOU &#8211; Suzanne BRETAUDEAU &#8211; David \nBRISEMONTIER &#8211; Fabienne BROGGI &#8211; Alexandre BRUG\u00c8RE &#8211; Cindy BRUN &#8211; Marie \nCaroline CABUT &#8211; J\u00e9r\u00f4me CAHUSAC &#8211; Philippe CANVILLE &#8211; Coralie CARBONELL &#8211;\n Nathalie CARBONELL &#8211; Saouaad CARDON &#8211; Mia CATANZANO &#8211; Isabelle CAVELIER\n &#8211; Odile CAZENAVE &#8211; Vincent CHABOCHE &#8211; Nicole CHABOCHE &#8211; Yveline CHABOT \nCANVILLE &#8211; Ivan CHALEIL &#8211; Patricia CHARDON &#8211; Christian CHARREAU &#8211; \nPhilippe CLAUS &#8211; Virginie  COLUMELLI &#8211; St\u00e9phanie CONDAT &#8211; Claire \nCONDETTE &#8211; Catherine COSTA &#8211; Chantal  COSTE &#8211; Lorraine DAGALLIER &#8211; \nSophie DE CHARENTENAY &#8211; S\u00e9gol\u00e8ne DE GLATIGNY &#8211; Catherine DE LINARES &#8211; \nMorgane DECHIRON &#8211; C\u00e9cile DECKER &#8211; Cl\u00e9mence DEFFAUX &#8211; G\u00e9rard  DEGLI \nESPOSTI &#8211; Corinne DELARUE &#8211; Sophie DELETANG &#8211; Pascal DELEU &#8211; Chantal \nDEMOUSTIER &#8211; St\u00e9phanie DENOUAL &#8211; St\u00e9phanie DEVAULX &#8211; Rapha\u00eblle DEVEAUD &#8211;\n H\u00e9l\u00e8ne DIAKHAT\u00c9 &#8211; Renaud DOC-CHEVALDIN &#8211; Sylvie DOUARD &#8211; Fan\u00e9lie DREVON\n &#8211; Isabelle DUBOIS MEJIA &#8211; Bernard  DUDA &#8211; Dominique DUDA &#8211; Jos\u00e9phine \nDUDA &#8211; Alice DUJARDIN &#8211; Nathalie DUPUIS &#8211; Claire ESTRADE &#8211; Anne-Marie \nESTRADE &#8211; Laura FAIVET &#8211; Claude FARCY &#8211; Ourdia FARGE &#8211; Amine FATMI &#8211; \nFlorence FAUCON &#8211; Janike FOURNET \u2013 Julien FOURNET &#8211; Marie Antoinette \nFOURNIER &#8211; Laurence GALLAS &#8211; M\u00e9lanie GARCIA &#8211; Agathe GARNIER-FRISON &#8211; \nCaroline GAUGAIN &#8211; Xavier GAUTIER &#8211; Emilie GILBERT &#8211; Louise GILLE &#8211; \nPierrick GIRAUDEAU &#8211; Paul-Andr\u00e9 GORGET &#8211; Christine GOUDAL &#8211; Matthieu \nGR\u00c9GOIRE &#8211; M\u00e9lanie GRISEY &#8211; C\u00e9cile GRUAT &#8211; Pascale GUERMOND PELLESCHI &#8211; \nAnne GUILLAUMAT &#8211; Guillaume GALLAIS &#8211; Fabrice GUILLET &#8211; Delphine GUILLET\n &#8211; Christiane GUSTAVE &#8211; Eve GUTIERREZ &#8211; Clothilde HALLET &#8211; Bernard \nHAMMER &#8211; Yamina HASSAINE &#8211; Amandine HERSANT &#8211; Am\u00e9lie HIRIART &#8211; Fabienne \n HOUDEVILLE &#8211; Barbara HOUEN-BOUVARD &#8211; Nathalie HUC &#8211; Nathalie HUEZ &#8211; \nFran\u00e7oise IMHOFF &#8211; Fanny JARREAUD &#8211; Nancy  JOLY &#8211; Alox JONJON &#8211; Jean Luc\n et Claude JONVILLE &#8211; Florence JUBERT &#8211; Christophe JUILLARD &#8211; Charlotte \nJUILLARD &#8211; Julian BOULBARD &#8211; Christine JUNG &#8211; Patrick KARARSI &#8211; Bassim \nKAZI AOUL &#8211; Pascal KENMOGNE TAMWO &#8211; Marina KHABIBULINA &#8211; Marielle \nLAILHEUGUE &#8211; Anne-Marie  LAIN\u00c9 \u2013 Arthur et Camille LALOUX &#8211; \nMarie-Madeleine LANDRIEU &#8211; Fr\u00e9d\u00e9ric LASALLE &#8211; Isabelle  LASALLE &#8211; \nDelphine  LAURENT &#8211; Beno\u00eet LE BARS &#8211; Claudie LE CORRE &#8211; Solenn LE GOFF &#8211;\n Florent LE GOFF  Arnaud LE HUNG &#8211; Sandrine LE NILIAS HOUMEAU &#8211; \nFran\u00e7oise LE NO\u00c9 &#8211; Tiphaine LE ROUX &#8211; Vincent LE VASLOT &#8211; Guillaume \nLECHAT &#8211; Fr\u00e9d\u00e9ric LECOMPTE &#8211; Ad\u00e8le LEFEL &#8211; H\u00e9l\u00e8ne LEGENDRE &#8211; Laure \nAm\u00e9lie LELONG &#8211; Pascale et Henri LEMOINE &#8211; Fran\u00e7oise LEMOINE &#8211; Juliette \nLEMOINE-FOURNET &#8211; Florence LENFANT &#8211; Val\u00e9rie LENGLART &#8211; C\u00e9cile LEONHARDT\n &#8211; Fr\u00e9d\u00e9rique Ariel LORIN ANGELIER &#8211; Nathalie LOUIS &#8211; Merc\u00e9d\u00e8s MAJ \nP\u00c9LISSIER &#8211; Corinne MALLET &#8211; Caroline MARATRAY &#8211; Olivier MARAVAL &#8211; \nLucile MARBEAU &#8211; Marion MARCHAL &#8211; Aur\u00e8lie MARIDET &#8211; Chafia MAROUF ENGLER\n &#8211; F\u00e9licit\u00e9 MARTIN &#8211; C\u00e9cile MARTINI &#8211; R\u00e9my MATHIEU &#8211; Michel et Arlette  \nMATHIEU &#8211; St\u00e9phane MAUBERT &#8211; Pierre-Arnoux MAYOLY &#8211; Valentin MAZURIER &#8211; \nChristine MEILLET &#8211; Marie-Pierre MEMBRIVES &#8211; Isabelle MENARD &#8211; Colette \nMENARD &#8211; Douceline MENARD &#8211; C\u00e9line MENGIS &#8211; Dominique MEURANT &#8211; Elise \nMICHEL &#8211; Gilles MONBRUN &#8211; Patricia MORAGAS &#8211; Catherine MORIZUR &#8211; \nChristine MOULI\u00c9 &#8211; Julie MOUTIER &#8211; Anne Laure MOYSAN &#8211; Muriel NAUD &#8211; \nIsabelle NORMAND &#8211; Claire OHANA &#8211; S\u00e9bastien ORTOLA &#8211; Aur\u00e9lien ORTOLA &#8211; \nOlivier OUDET &#8211; Kevin PARNAUDEAU &#8211; H\u00e9l\u00e8ne PASQUIER &#8211; Catherine \nPETITHOMME &#8211; Fr\u00e9d\u00e9ric PETRUCCI &#8211; Flore et Victor PIERSON &#8211; Mathias \nPIGEAT &#8211; Anne France PITEAU &#8211; Caroline PLANELLS &#8211; St\u00e9phanie PRADEAU &#8211; \nThanh-Dam QUACH &#8211; Claude QUEFTAIGNE &#8211; Laurent QUEFTAIGNE &#8211; St\u00e9phanie \nQUEFTAIGNE &#8211; Chantal QUEMIN &#8211; C\u00e9cile RAIMBAULT &#8211; Michel RAMBAUD &#8211; Ir\u00e8ne \nRAZZAGHI Cl\u00e9mence REMACLE &#8211; Maurice REVEL &#8211; Jimmy REYNAUD &#8211; Thomas \nRIBIERE &#8211; Laura RITUERTO &#8211; Julien ROBERT &#8211; Joey ROBIN &#8211; Dominique ROCHE &#8211;\n Olivier ROCHE &#8211; Nathalie ROUDAUT &#8211; Gabriel ROULLEAU &#8211; Fanny ROUQUI\u00c9  &#8211; \nRomain ROUYER &#8211; Elise SAILLET &#8211; Magali SAUGET &#8211; Patricia SAUVAGE &#8211; \nPascale SAUZE &#8211; Beatrice SAVOYE &#8211; Catherine SCHERTZ  &#8211; M\u00e9lanie SENTIER &#8211;\n Violetta SO &#8211; Rapha\u00eblle STREMSDOERFER &#8211; Laurence TABOURDEAU &#8211; Annie \nTEMEM &#8211; Sylvie TIERCE &#8211; Rosa TOLICETTI  &#8211; Isabelle TOMENO &#8211; Fran\u00e7oise \nTONDU &#8211; Patrick TORO ALCARAZ &#8211; Sylvine TOULGOET &#8211; Judith TRABAREL \nDelphine VAISSET &#8211; Caroline VEUNAC &#8211; Sylvie VIGIER LAFOSSE &#8211; Julia \nVIGNON &#8211; Elo\u00efse WAGNER &#8211; Lian WAN &#8211; Sofia WICKBERG &#8211; Kamel ZAOUI &#8211; \nLamine ZEHOU &#8211; Mich\u00e8le ZERATH &#8211; Marie ZURCHER\n\n<\/p>\n","protected":false},"excerpt":{"rendered":"<p>Un grand merci \u00e0 tous les donateurs qui ont contribu\u00e9 au lancement de l\u2019\u00e9picerie test en participant \u00e0 notre campagne de crowfunding de 2019 : Corinne ABITBOL &#8211; Armance AGEORGES &#8211; Eric ALBAR &#8211; Aristide ARIVOUARASSANE &#8211; Laurence AUBURTIN DESOMBRE &#8211; Marc AUDUREAU &#8211; Am\u00e9lie AUMONIER &#8211; Fred AUVRAY &#8211; [&hellip;]<\/p>\n","protected":false},"author":4,"featured_media":0,"parent":0,"menu_order":0,"comment_status":"closed","ping_status":"closed","template":"","meta":[],"yoast_head":"<!-- This site is optimized with the Yoast SEO plugin v17.9 - https:\/\/yoast.com\/wordpress\/plugins\/seo\/ -->\n<title>Donateur campagne crowdfunding - La French Coop<\/title>\n<meta name=\"robots\" content=\"index, follow, max-snippet:-1, max-image-preview:large, max-video-preview:-1\" \/>\n<link rel=\"canonical\" href=\"https:\/\/lafrenchcoop.fr\/site\/donateur-compagne-crowdfunding\" \/>\n<meta property=\"og:locale\" content=\"fr_FR\" \/>\n<meta property=\"og:type\" content=\"article\" \/>\n<meta property=\"og:title\" content=\"Donateur campagne crowdfunding - La French Coop\" \/>\n<meta property=\"og:description\" content=\"Un grand merci \u00e0 tous les donateurs qui ont contribu\u00e9 au lancement de l\u2019\u00e9picerie test en participant \u00e0 notre campagne de crowfunding de 2019 : Corinne ABITBOL &#8211; Armance AGEORGES &#8211; Eric ALBAR &#8211; Aristide ARIVOUARASSANE &#8211; Laurence AUBURTIN DESOMBRE &#8211; Marc AUDUREAU &#8211; Am\u00e9lie AUMONIER &#8211; Fred AUVRAY &#8211; [&hellip;]\" \/>\n<meta property=\"og:url\" content=\"https:\/\/lafrenchcoop.fr\/site\/donateur-compagne-crowdfunding\" \/>\n<meta property=\"og:site_name\" content=\"La French Coop\" \/>\n<meta property=\"article:publisher\" content=\"https:\/\/www.facebook.com\/lafrenchcoop\/\" \/>\n<meta property=\"article:modified_time\" content=\"2020-07-08T18:48:24+00:00\" \/>\n<meta property=\"og:image\" content=\"https:\/\/lafrenchcoop.fr\/site\/wp-content\/uploads\/2019\/03\/2-LAFC-RVB-700_700.png\" \/>\n\t<meta property=\"og:image:width\" content=\"700\" \/>\n\t<meta property=\"og:image:height\" content=\"700\" \/>\n\t<meta property=\"og:image:type\" content=\"image\/png\" \/>\n<meta name=\"twitter:card\" content=\"summary_large_image\" \/>\n<meta name=\"twitter:site\" content=\"@FrenchCoop\" \/>\n<meta name=\"twitter:label1\" content=\"Dur\u00e9e de lecture estim\u00e9e\" \/>\n\t<meta name=\"twitter:data1\" content=\"5 minutes\" \/>\n<script type=\"application\/ld+json\" class=\"yoast-schema-graph\">{\"@context\":\"https:\/\/schema.org\",\"@graph\":[{\"@type\":\"WebSite\",\"@id\":\"https:\/\/lafrenchcoop.fr\/site\/#website\",\"url\":\"https:\/\/lafrenchcoop.fr\/site\/\",\"name\":\"La French Coop\",\"description\":\"L&#039;\\u00e9picerie coop\\u00e9rative et participative d&#039;Asni\\u00e8res-sur-Seine !\",\"potentialAction\":[{\"@type\":\"SearchAction\",\"target\":{\"@type\":\"EntryPoint\",\"urlTemplate\":\"https:\/\/lafrenchcoop.fr\/site\/?s={search_term_string}\"},\"query-input\":\"required name=search_term_string\"}],\"inLanguage\":\"fr-FR\"},{\"@type\":\"WebPage\",\"@id\":\"https:\/\/lafrenchcoop.fr\/site\/donateur-compagne-crowdfunding#webpage\",\"url\":\"https:\/\/lafrenchcoop.fr\/site\/donateur-compagne-crowdfunding\",\"name\":\"Donateur campagne crowdfunding - La French Coop\",\"isPartOf\":{\"@id\":\"https:\/\/lafrenchcoop.fr\/site\/#website\"},\"datePublished\":\"2019-10-08T20:11:39+00:00\",\"dateModified\":\"2020-07-08T18:48:24+00:00\",\"breadcrumb\":{\"@id\":\"https:\/\/lafrenchcoop.fr\/site\/donateur-compagne-crowdfunding#breadcrumb\"},\"inLanguage\":\"fr-FR\",\"potentialAction\":[{\"@type\":\"ReadAction\",\"target\":[\"https:\/\/lafrenchcoop.fr\/site\/donateur-compagne-crowdfunding\"]}]},{\"@type\":\"BreadcrumbList\",\"@id\":\"https:\/\/lafrenchcoop.fr\/site\/donateur-compagne-crowdfunding#breadcrumb\",\"itemListElement\":[{\"@type\":\"ListItem\",\"position\":1,\"name\":\"Accueil\",\"item\":\"https:\/\/lafrenchcoop.fr\/site\/\"},{\"@type\":\"ListItem\",\"position\":2,\"name\":\"Donateur campagne crowdfunding\"}]}]}<\/script>\n<!-- \/ Yoast SEO plugin. -->","yoast_head_json":{"title":"Donateur campagne crowdfunding - La French Coop","robots":{"index":"index","follow":"follow","max-snippet":"max-snippet:-1","max-image-preview":"max-image-preview:large","max-video-preview":"max-video-preview:-1"},"canonical":"https:\/\/lafrenchcoop.fr\/site\/donateur-compagne-crowdfunding","og_locale":"fr_FR","og_type":"article","og_title":"Donateur campagne crowdfunding - La French Coop","og_description":"Un grand merci \u00e0 tous les donateurs qui ont contribu\u00e9 au lancement de l\u2019\u00e9picerie test en participant \u00e0 notre campagne de crowfunding de 2019 : Corinne ABITBOL &#8211; Armance AGEORGES &#8211; Eric ALBAR &#8211; Aristide ARIVOUARASSANE &#8211; Laurence AUBURTIN DESOMBRE &#8211; Marc AUDUREAU &#8211; Am\u00e9lie AUMONIER &#8211; Fred AUVRAY &#8211; [&hellip;]","og_url":"https:\/\/lafrenchcoop.fr\/site\/donateur-compagne-crowdfunding","og_site_name":"La French Coop","article_publisher":"https:\/\/www.facebook.com\/lafrenchcoop\/","article_modified_time":"2020-07-08T18:48:24+00:00","og_image":[{"width":700,"height":700,"url":"https:\/\/lafrenchcoop.fr\/site\/wp-content\/uploads\/2019\/03\/2-LAFC-RVB-700_700.png","type":"image\/png"}],"twitter_card":"summary_large_image","twitter_site":"@FrenchCoop","twitter_misc":{"Dur\u00e9e de lecture estim\u00e9e":"5 minutes"},"schema":{"@context":"https:\/\/schema.org","@graph":[{"@type":"WebSite","@id":"https:\/\/lafrenchcoop.fr\/site\/#website","url":"https:\/\/lafrenchcoop.fr\/site\/","name":"La French Coop","description":"L&#039;\u00e9picerie coop\u00e9rative et participative d&#039;Asni\u00e8res-sur-Seine !","potentialAction":[{"@type":"SearchAction","target":{"@type":"EntryPoint","urlTemplate":"https:\/\/lafrenchcoop.fr\/site\/?s={search_term_string}"},"query-input":"required name=search_term_string"}],"inLanguage":"fr-FR"},{"@type":"WebPage","@id":"https:\/\/lafrenchcoop.fr\/site\/donateur-compagne-crowdfunding#webpage","url":"https:\/\/lafrenchcoop.fr\/site\/donateur-compagne-crowdfunding","name":"Donateur campagne crowdfunding - La French Coop","isPartOf":{"@id":"https:\/\/lafrenchcoop.fr\/site\/#website"},"datePublished":"2019-10-08T20:11:39+00:00","dateModified":"2020-07-08T18:48:24+00:00","breadcrumb":{"@id":"https:\/\/lafrenchcoop.fr\/site\/donateur-compagne-crowdfunding#breadcrumb"},"inLanguage":"fr-FR","potentialAction":[{"@type":"ReadAction","target":["https:\/\/lafrenchcoop.fr\/site\/donateur-compagne-crowdfunding"]}]},{"@type":"BreadcrumbList","@id":"https:\/\/lafrenchcoop.fr\/site\/donateur-compagne-crowdfunding#breadcrumb","itemListElement":[{"@type":"ListItem","position":1,"name":"Accueil","item":"https:\/\/lafrenchcoop.fr\/site\/"},{"@type":"ListItem","position":2,"name":"Donateur campagne crowdfunding"}]}]}},"_links":{"self":[{"href":"https:\/\/lafrenchcoop.fr\/site\/wp-json\/wp\/v2\/pages\/35050"}],"collection":[{"href":"https:\/\/lafrenchcoop.fr\/site\/wp-json\/wp\/v2\/pages"}],"about":[{"href":"https:\/\/lafrenchcoop.fr\/site\/wp-json\/wp\/v2\/types\/page"}],"author":[{"embeddable":true,"href":"https:\/\/lafrenchcoop.fr\/site\/wp-json\/wp\/v2\/users\/4"}],"replies":[{"embeddable":true,"href":"https:\/\/lafrenchcoop.fr\/site\/wp-json\/wp\/v2\/comments?post=35050"}],"version-history":[{"count":6,"href":"https:\/\/lafrenchcoop.fr\/site\/wp-json\/wp\/v2\/pages\/35050\/revisions"}],"predecessor-version":[{"id":73639,"href":"https:\/\/lafrenchcoop.fr\/site\/wp-json\/wp\/v2\/pages\/35050\/revisions\/73639"}],"wp:attachment":[{"href":"https:\/\/lafrenchcoop.fr\/site\/wp-json\/wp\/v2\/media?parent=35050"}],"curies":[{"name":"wp","href":"https:\/\/api.w.org\/{rel}","templated":true}]}}