{"id":557,"date":"2018-09-30T12:03:32","date_gmt":"2018-09-30T10:03:32","guid":{"rendered":"https:\/\/lafrenchcoop.fr\/site\/?page_id=557"},"modified":"2020-06-13T21:25:58","modified_gmt":"2020-06-13T19:25:58","slug":"simpliquer","status":"publish","type":"page","link":"https:\/\/lafrenchcoop.fr\/site\/simpliquer","title":{"rendered":"S&rsquo;impliquer"},"content":{"rendered":"\n<p>Au-del\u00e0 de mes 2 heures de b\u00e9n\u00e9volat par mois au sein de l\u2019\u00e9picerie-test, j&rsquo;ai la possibilit\u00e9 de m\u2019investir dans l\u2019un des <strong>10 groupes de travail<\/strong>, mis en place au sein de l\u2019association, que je choisi selon mes affinit\u00e9s, comp\u00e9tences,  envies et disponibilit\u00e9s. <br>Cet investissement permet de construire  v\u00e9ritablement les fondations de notre projet.<\/p>\n\n\n\n<figure class=\"wp-block-gallery columns-2 is-cropped\"><ul class=\"blocks-gallery-grid\"><li class=\"blocks-gallery-item\"><figure><img loading=\"lazy\" width=\"800\" height=\"2000\" src=\"https:\/\/lafrenchcoop.fr\/site\/wp-content\/uploads\/2018\/10\/Groupe-producteur-1.png\" alt=\"\" data-id=\"2902\" data-link=\"https:\/\/lafrenchcoop.fr\/site\/groupe-producteur-1\/\" class=\"wp-image-2902\" srcset=\"https:\/\/lafrenchcoop.fr\/site\/wp-content\/uploads\/2018\/10\/Groupe-producteur-1.png 800w, https:\/\/lafrenchcoop.fr\/site\/wp-content\/uploads\/2018\/10\/Groupe-producteur-1-120x300.png 120w, https:\/\/lafrenchcoop.fr\/site\/wp-content\/uploads\/2018\/10\/Groupe-producteur-1-768x1920.png 768w, https:\/\/lafrenchcoop.fr\/site\/wp-content\/uploads\/2018\/10\/Groupe-producteur-1-410x1024.png 410w\" sizes=\"(max-width: 800px) 100vw, 800px\" \/><\/figure><\/li><li class=\"blocks-gallery-item\"><figure><img loading=\"lazy\" width=\"800\" height=\"2000\" src=\"https:\/\/lafrenchcoop.fr\/site\/wp-content\/uploads\/2018\/10\/Groupe-producteur-2.png\" alt=\"\" data-id=\"2901\" data-link=\"https:\/\/lafrenchcoop.fr\/site\/groupe-producteur-2\/\" class=\"wp-image-2901\" srcset=\"https:\/\/lafrenchcoop.fr\/site\/wp-content\/uploads\/2018\/10\/Groupe-producteur-2.png 800w, https:\/\/lafrenchcoop.fr\/site\/wp-content\/uploads\/2018\/10\/Groupe-producteur-2-120x300.png 120w, https:\/\/lafrenchcoop.fr\/site\/wp-content\/uploads\/2018\/10\/Groupe-producteur-2-768x1920.png 768w, https:\/\/lafrenchcoop.fr\/site\/wp-content\/uploads\/2018\/10\/Groupe-producteur-2-410x1024.png 410w\" sizes=\"(max-width: 800px) 100vw, 800px\" \/><\/figure><\/li><\/ul><\/figure>\n","protected":false},"excerpt":{"rendered":"<p>Au-del\u00e0 de mes 2 heures de b\u00e9n\u00e9volat par mois au sein de l\u2019\u00e9picerie-test, j&rsquo;ai la possibilit\u00e9 de m\u2019investir dans l\u2019un des 10 groupes de travail, mis en place au sein de l\u2019association, que je choisi selon mes affinit\u00e9s, comp\u00e9tences, envies et disponibilit\u00e9s. Cet investissement permet de construire v\u00e9ritablement les fondations [&hellip;]<\/p>\n","protected":false},"author":4,"featured_media":0,"parent":0,"menu_order":0,"comment_status":"closed","ping_status":"closed","template":"","meta":[],"yoast_head":"<!-- This site is optimized with the Yoast SEO plugin v17.9 - https:\/\/yoast.com\/wordpress\/plugins\/seo\/ -->\n<title>S&#039;impliquer - La French Coop<\/title>\n<meta name=\"robots\" content=\"index, follow, max-snippet:-1, max-image-preview:large, max-video-preview:-1\" \/>\n<link rel=\"canonical\" href=\"https:\/\/lafrenchcoop.fr\/site\/simpliquer\" \/>\n<meta property=\"og:locale\" content=\"fr_FR\" \/>\n<meta property=\"og:type\" content=\"article\" \/>\n<meta property=\"og:title\" content=\"S&#039;impliquer - La French Coop\" \/>\n<meta property=\"og:description\" content=\"Au-del\u00e0 de mes 2 heures de b\u00e9n\u00e9volat par mois au sein de l\u2019\u00e9picerie-test, j&rsquo;ai la possibilit\u00e9 de m\u2019investir dans l\u2019un des 10 groupes de travail, mis en place au sein de l\u2019association, que je choisi selon mes affinit\u00e9s, comp\u00e9tences, envies et disponibilit\u00e9s. Cet investissement permet de construire v\u00e9ritablement les fondations [&hellip;]\" \/>\n<meta property=\"og:url\" content=\"https:\/\/lafrenchcoop.fr\/site\/simpliquer\" \/>\n<meta property=\"og:site_name\" content=\"La French Coop\" \/>\n<meta property=\"article:publisher\" content=\"https:\/\/www.facebook.com\/lafrenchcoop\/\" \/>\n<meta property=\"article:modified_time\" content=\"2020-06-13T19:25:58+00:00\" \/>\n<meta property=\"og:image\" content=\"https:\/\/lafrenchcoop.fr\/site\/wp-content\/uploads\/2018\/10\/Groupe-producteur-1.png\" \/>\n<meta name=\"twitter:card\" content=\"summary_large_image\" \/>\n<meta name=\"twitter:site\" content=\"@FrenchCoop\" \/>\n<script type=\"application\/ld+json\" class=\"yoast-schema-graph\">{\"@context\":\"https:\/\/schema.org\",\"@graph\":[{\"@type\":\"WebSite\",\"@id\":\"https:\/\/lafrenchcoop.fr\/site\/#website\",\"url\":\"https:\/\/lafrenchcoop.fr\/site\/\",\"name\":\"La French Coop\",\"description\":\"L&#039;\\u00e9picerie coop\\u00e9rative et participative d&#039;Asni\\u00e8res-sur-Seine !\",\"potentialAction\":[{\"@type\":\"SearchAction\",\"target\":{\"@type\":\"EntryPoint\",\"urlTemplate\":\"https:\/\/lafrenchcoop.fr\/site\/?s={search_term_string}\"},\"query-input\":\"required name=search_term_string\"}],\"inLanguage\":\"fr-FR\"},{\"@type\":\"ImageObject\",\"@id\":\"https:\/\/lafrenchcoop.fr\/site\/simpliquer#primaryimage\",\"inLanguage\":\"fr-FR\",\"url\":\"https:\/\/lafrenchcoop.fr\/site\/wp-content\/uploads\/2018\/10\/Groupe-producteur-1.png\",\"contentUrl\":\"https:\/\/lafrenchcoop.fr\/site\/wp-content\/uploads\/2018\/10\/Groupe-producteur-1.png\",\"width\":800,\"height\":2000},{\"@type\":\"WebPage\",\"@id\":\"https:\/\/lafrenchcoop.fr\/site\/simpliquer#webpage\",\"url\":\"https:\/\/lafrenchcoop.fr\/site\/simpliquer\",\"name\":\"S'impliquer - La French Coop\",\"isPartOf\":{\"@id\":\"https:\/\/lafrenchcoop.fr\/site\/#website\"},\"primaryImageOfPage\":{\"@id\":\"https:\/\/lafrenchcoop.fr\/site\/simpliquer#primaryimage\"},\"datePublished\":\"2018-09-30T10:03:32+00:00\",\"dateModified\":\"2020-06-13T19:25:58+00:00\",\"breadcrumb\":{\"@id\":\"https:\/\/lafrenchcoop.fr\/site\/simpliquer#breadcrumb\"},\"inLanguage\":\"fr-FR\",\"potentialAction\":[{\"@type\":\"ReadAction\",\"target\":[\"https:\/\/lafrenchcoop.fr\/site\/simpliquer\"]}]},{\"@type\":\"BreadcrumbList\",\"@id\":\"https:\/\/lafrenchcoop.fr\/site\/simpliquer#breadcrumb\",\"itemListElement\":[{\"@type\":\"ListItem\",\"position\":1,\"name\":\"Accueil\",\"item\":\"https:\/\/lafrenchcoop.fr\/site\/\"},{\"@type\":\"ListItem\",\"position\":2,\"name\":\"S&rsquo;impliquer\"}]}]}<\/script>\n<!-- \/ Yoast SEO plugin. -->","yoast_head_json":{"title":"S'impliquer - La French Coop","robots":{"index":"index","follow":"follow","max-snippet":"max-snippet:-1","max-image-preview":"max-image-preview:large","max-video-preview":"max-video-preview:-1"},"canonical":"https:\/\/lafrenchcoop.fr\/site\/simpliquer","og_locale":"fr_FR","og_type":"article","og_title":"S'impliquer - La French Coop","og_description":"Au-del\u00e0 de mes 2 heures de b\u00e9n\u00e9volat par mois au sein de l\u2019\u00e9picerie-test, j&rsquo;ai la possibilit\u00e9 de m\u2019investir dans l\u2019un des 10 groupes de travail, mis en place au sein de l\u2019association, que je choisi selon mes affinit\u00e9s, comp\u00e9tences, envies et disponibilit\u00e9s. Cet investissement permet de construire v\u00e9ritablement les fondations [&hellip;]","og_url":"https:\/\/lafrenchcoop.fr\/site\/simpliquer","og_site_name":"La French Coop","article_publisher":"https:\/\/www.facebook.com\/lafrenchcoop\/","article_modified_time":"2020-06-13T19:25:58+00:00","og_image":[{"url":"https:\/\/lafrenchcoop.fr\/site\/wp-content\/uploads\/2018\/10\/Groupe-producteur-1.png"}],"twitter_card":"summary_large_image","twitter_site":"@FrenchCoop","schema":{"@context":"https:\/\/schema.org","@graph":[{"@type":"WebSite","@id":"https:\/\/lafrenchcoop.fr\/site\/#website","url":"https:\/\/lafrenchcoop.fr\/site\/","name":"La French Coop","description":"L&#039;\u00e9picerie coop\u00e9rative et participative d&#039;Asni\u00e8res-sur-Seine !","potentialAction":[{"@type":"SearchAction","target":{"@type":"EntryPoint","urlTemplate":"https:\/\/lafrenchcoop.fr\/site\/?s={search_term_string}"},"query-input":"required name=search_term_string"}],"inLanguage":"fr-FR"},{"@type":"ImageObject","@id":"https:\/\/lafrenchcoop.fr\/site\/simpliquer#primaryimage","inLanguage":"fr-FR","url":"https:\/\/lafrenchcoop.fr\/site\/wp-content\/uploads\/2018\/10\/Groupe-producteur-1.png","contentUrl":"https:\/\/lafrenchcoop.fr\/site\/wp-content\/uploads\/2018\/10\/Groupe-producteur-1.png","width":800,"height":2000},{"@type":"WebPage","@id":"https:\/\/lafrenchcoop.fr\/site\/simpliquer#webpage","url":"https:\/\/lafrenchcoop.fr\/site\/simpliquer","name":"S'impliquer - La French Coop","isPartOf":{"@id":"https:\/\/lafrenchcoop.fr\/site\/#website"},"primaryImageOfPage":{"@id":"https:\/\/lafrenchcoop.fr\/site\/simpliquer#primaryimage"},"datePublished":"2018-09-30T10:03:32+00:00","dateModified":"2020-06-13T19:25:58+00:00","breadcrumb":{"@id":"https:\/\/lafrenchcoop.fr\/site\/simpliquer#breadcrumb"},"inLanguage":"fr-FR","potentialAction":[{"@type":"ReadAction","target":["https:\/\/lafrenchcoop.fr\/site\/simpliquer"]}]},{"@type":"BreadcrumbList","@id":"https:\/\/lafrenchcoop.fr\/site\/simpliquer#breadcrumb","itemListElement":[{"@type":"ListItem","position":1,"name":"Accueil","item":"https:\/\/lafrenchcoop.fr\/site\/"},{"@type":"ListItem","position":2,"name":"S&rsquo;impliquer"}]}]}},"_links":{"self":[{"href":"https:\/\/lafrenchcoop.fr\/site\/wp-json\/wp\/v2\/pages\/557"}],"collection":[{"href":"https:\/\/lafrenchcoop.fr\/site\/wp-json\/wp\/v2\/pages"}],"about":[{"href":"https:\/\/lafrenchcoop.fr\/site\/wp-json\/wp\/v2\/types\/page"}],"author":[{"embeddable":true,"href":"https:\/\/lafrenchcoop.fr\/site\/wp-json\/wp\/v2\/users\/4"}],"replies":[{"embeddable":true,"href":"https:\/\/lafrenchcoop.fr\/site\/wp-json\/wp\/v2\/comments?post=557"}],"version-history":[{"count":8,"href":"https:\/\/lafrenchcoop.fr\/site\/wp-json\/wp\/v2\/pages\/557\/revisions"}],"predecessor-version":[{"id":65838,"href":"https:\/\/lafrenchcoop.fr\/site\/wp-json\/wp\/v2\/pages\/557\/revisions\/65838"}],"wp:attachment":[{"href":"https:\/\/lafrenchcoop.fr\/site\/wp-json\/wp\/v2\/media?parent=557"}],"curies":[{"name":"wp","href":"https:\/\/api.w.org\/{rel}","templated":true}]}}