{"id":73457,"date":"2020-07-08T20:29:14","date_gmt":"2020-07-08T18:29:14","guid":{"rendered":"https:\/\/lafrenchcoop.fr\/site\/?page_id=73457"},"modified":"2023-02-05T20:26:38","modified_gmt":"2023-02-05T19:26:38","slug":"page","status":"publish","type":"page","link":"https:\/\/lafrenchcoop.fr\/site\/page","title":{"rendered":"L&rsquo;association et Coop\u00e9rative"},"content":{"rendered":"\n<div class=\"wp-block-image\"><figure class=\"aligncenter is-resized\"><img loading=\"lazy\" src=\"https:\/\/lafrenchcoop.fr\/site\/wp-content\/uploads\/2018\/10\/2-LAFC-RVB-400_400.png\" alt=\"Les Amis de la French Coop\" class=\"wp-image-2622\" width=\"250\" height=\"250\" srcset=\"https:\/\/lafrenchcoop.fr\/site\/wp-content\/uploads\/2018\/10\/2-LAFC-RVB-400_400.png 710w, https:\/\/lafrenchcoop.fr\/site\/wp-content\/uploads\/2018\/10\/2-LAFC-RVB-400_400-300x300.png 300w, https:\/\/lafrenchcoop.fr\/site\/wp-content\/uploads\/2018\/10\/2-LAFC-RVB-400_400-150x150.png 150w\" sizes=\"(max-width: 250px) 100vw, 250px\" \/><\/figure><\/div>\n\n\n\n<div style=\"height:20px\" aria-hidden=\"true\" class=\"wp-block-spacer\"><\/div>\n\n\n\n<h3 class=\"has-accent-color has-text-color\">Notre vision<\/h3>\n\n\n\n<p>Cr\u00e9\u00e9e en mars 2017, notre association <em>\u201cLes Amis de la French Coop\u201d<\/em> a entam\u00e9 un long parcours qui nous m\u00e8nera \u00e0 l\u2019ouverture d\u2019un supermarch\u00e9 d\u2019un nouveau genre : <strong>une grande \u00e9picerie coop\u00e9rative et participative : \u00ab\u00a0La French Coop\u201d.<\/strong><\/p>\n\n\n\n<p>Notre aventure est avant tout une <strong>initiative citoyenne anim\u00e9e d\u2019un esprit de solidarit\u00e9<\/strong> et d\u2019une volont\u00e9 d\u2019apporter un regard nouveau sur notre consommation alimentaire, en particulier sur le choix qui nous est propos\u00e9 dans es grandes surfaces.<\/p>\n\n\n\n<p>Nous voulons retrouver :<\/p>\n\n\n\n<ul><li>une alimentation saine et respectueuse de l\u2019environnement, <\/li><li>r\u00e9mun\u00e9rer les producteurs de mani\u00e8re plus juste, <\/li><li>donner la priorit\u00e9 aux circuits courts, <\/li><li>promouvoir les produits locaux et artisanaux provenant essentiellement de nos r\u00e9gions, et de pr\u00e9f\u00e9rence d\u2019\u00cele-de-France, \u00e0 un prix accessible pour les adh\u00e9rents.<\/li><\/ul>\n\n\n\n<div style=\"height:20px\" aria-hidden=\"true\" class=\"wp-block-spacer\"><\/div>\n\n\n\n<hr class=\"wp-block-separator\"\/>\n\n\n\n<div style=\"height:20px\" aria-hidden=\"true\" class=\"wp-block-spacer\"><\/div>\n\n\n\n<h3 class=\"has-accent-color has-text-color\">Notre \u00e9picerie<\/h3>\n\n\n\n<p>Dans un premier temps, <em>La French Coop<\/em> a \u00e9t\u00e9 lanc\u00e9e sous la forme juridique d\u2019association <strong>\u00ab\u00a0Les Amis de la French Coop\u00a0\u00bb<\/strong> . Cette structure a pour but de promouvoir la d\u00e9marche et de r\u00e9unir 1 000 adh\u00e9rents pour que puisse exister la grande \u00e9picerie coop\u00e9rative.<\/p>\n\n\n\n<p>Apr\u00e8s une campagne de crowdfunding qui a r\u00e9uni pr\u00e8s de <a aria-label=\"Apr\u00e8s une campagne de crowdfunding qui a r\u00e9uni pr\u00e8s de 300 donateurs  (s\u2019ouvre dans un nouvel onglet)\" rel=\"noreferrer noopener\" href=\"https:\/\/lafrenchcoop.fr\/site\/donateur-compagne-crowdfunding\" target=\"_blank\"><strong>300 donateurs <\/strong><\/a>et lev\u00e9 15 000 euros, <strong>notre \u00e9picerie test a ouvert<\/strong> au 23, rue de Bretagne \u00e0 Asni\u00e8res-sur-Seine <strong>le 21 novembre 2019<\/strong> sous forme associative. Elle f\u00e9d\u00e8re \u00e0 ce jour 280 adh\u00e9rents qui participent b\u00e9n\u00e9volement au minimum deux heures par mois au projet <em>La French Coop<\/em>.  <\/p>\n\n\n\n<p>Comme un <em>\u00ab\u00a0laboratoire\u00a0\u00bb<\/em> de la grande \u00e9picerie coop\u00e9rative, elle permet aux adh\u00e9rents de tester les produits, de se former aux diff\u00e9rentes t\u00e2ches inh\u00e9rentes \u00e0 la gestion d\u2019une \u00e9picerie collaborative et de s\u2019initier \u00e0 la coop\u00e9ration.<\/p>\n\n\n\n<p>Pour acc\u00e9der d\u00e8s aujourd\u2019hui \u00e0 l\u2019\u00e9picerie,<b> <a rel=\"noreferrer noopener\" href=\"https:\/\/lafrenchcoop.fr\/site\/evenements\/rejoindre-la-cooperative-la-french-coop\" target=\"_blank\">devenez membre de la coop\u00e9rative La French Coop!<\/a><\/b><\/p>\n\n\n\n<div style=\"height:20px\" aria-hidden=\"true\" class=\"wp-block-spacer\"><\/div>\n\n\n\n<hr class=\"wp-block-separator\"\/>\n\n\n\n<div style=\"height:20px\" aria-hidden=\"true\" class=\"wp-block-spacer\"><\/div>\n\n\n\n<h3 class=\"has-accent-color has-text-color\">Notre objectif&nbsp;: une coop\u00e9rative participative<\/h3>\n\n\n\n<p><strong><strong>Nous visons la cr\u00e9ation d\u2019une coop\u00e9rative autour<\/strong> d\u2019une \u00e9picerie<strong>,<\/strong><\/strong> <strong>\u00e0 but non lucratif qui nous ressemble, dont nous sommes \u00e0 la fois les patrons, les clients et les employ\u00e9s et o\u00f9 nous <strong>pouvons choisir<\/strong> les produits et fixer les prix.\u00a0  <\/strong><\/p>\n\n\n\n<p class=\"has-accent-color has-text-color has-medium-font-size\"><strong>Responsable<\/strong><\/p>\n\n\n\n<p><strong>Les produits propos\u00e9s devront tous \u00eatre en accord avec la charte \u00e9tablie<\/strong> par les adh\u00e9rents de la <em>French Coop<\/em> : priorit\u00e9 au bio, au local, respect des saisons, circuit court, r\u00e9duction des emballages\u2026<\/p>\n\n\n\n<p class=\"has-accent-color has-text-color has-medium-font-size\"><strong>Coop\u00e9rative<\/strong><\/p>\n\n\n\n<p><strong>Chaque membre sera propri\u00e9taire de l&rsquo;\u00e9picerie<\/strong> gr\u00e2ce \u00e0 l\u2019achat d\u2019une part sociale et pourra ainsi participer aux d\u00e9cisions concernant les grandes orientations, sur le principe <strong>1 part = 1 voix<\/strong>, ainsi qu\u2019au choix des produits propos\u00e9s, la s\u00e9lection des producteurs selon la charte de la coop\u00e9rative ou encore l\u2019affectation des b\u00e9n\u00e9fices.<\/p>\n\n\n\n<p class=\"has-accent-color has-text-color has-medium-font-size\"><strong>Participative<\/strong><\/p>\n\n\n\n<p><strong>Chaque membre devra donner de son temps<\/strong> \u2013 2 heures toutes les 4 semaines \u2013 pour venir aider au fonctionnement du magasin tel que l\u2019accueil, la mise en rayon, la caisse, la r\u00e9ception des marchandises, l\u2019inventaire ou encore l\u2019entretien.<\/p>\n\n\n\n<p class=\"has-accent-color has-text-color has-medium-font-size\"><strong>Et aussi un lieu de partage<\/strong><\/p>\n\n\n\n<p><strong>Nous souhaitons construire ensemble un lieu convivial, d\u2019information et d\u2019\u00e9changes<\/strong> afin de cr\u00e9er du lien entre adh\u00e9rents, habitants et producteurs afin d\u2019offrir un autre rapport \u00e0 la consommation et aux enjeux alimentaires actuels.<\/p>\n\n\n\n<div style=\"height:20px\" aria-hidden=\"true\" class=\"wp-block-spacer\"><\/div>\n\n\n\n<hr class=\"wp-block-separator\"\/>\n\n\n\n<div style=\"height:20px\" aria-hidden=\"true\" class=\"wp-block-spacer\"><\/div>\n\n\n\n<h3 class=\"has-accent-color has-text-color\">Les \u00e9tapes jusqu\u2019\u00e0 la coop\u00e9rative<\/h3>\n\n\n\n<figure class=\"wp-block-image size-large is-resized\"><img loading=\"lazy\" src=\"https:\/\/lafrenchcoop.fr\/site\/wp-content\/uploads\/2018\/10\/Frise-chrono-724x1024.png\" alt=\"Les \u00e9tapes jusqu\u2019\u00e0 la coop\u00e9rative\" class=\"wp-image-3908\" width=\"724\" height=\"1024\" srcset=\"https:\/\/lafrenchcoop.fr\/site\/wp-content\/uploads\/2018\/10\/Frise-chrono-724x1024.png 724w, https:\/\/lafrenchcoop.fr\/site\/wp-content\/uploads\/2018\/10\/Frise-chrono-212x300.png 212w, https:\/\/lafrenchcoop.fr\/site\/wp-content\/uploads\/2018\/10\/Frise-chrono-768x1086.png 768w, https:\/\/lafrenchcoop.fr\/site\/wp-content\/uploads\/2018\/10\/Frise-chrono-1086x1536.png 1086w, https:\/\/lafrenchcoop.fr\/site\/wp-content\/uploads\/2018\/10\/Frise-chrono.png 1414w\" sizes=\"(max-width: 724px) 100vw, 724px\" \/><\/figure>\n\n\n\n<div style=\"height:20px\" aria-hidden=\"true\" class=\"wp-block-spacer\"><\/div>\n\n\n\n<hr class=\"wp-block-separator\"\/>\n\n\n\n<div style=\"height:20px\" aria-hidden=\"true\" class=\"wp-block-spacer\"><\/div>\n\n\n\n<h3 class=\"has-accent-color has-text-color\"> Le fonctionnement de la French Coop<\/h3>\n\n\n\n<div class=\"wp-block-columns\">\n<div class=\"wp-block-column\"><\/div>\n\n\n\n<div class=\"wp-block-column\"><\/div>\n<\/div>\n\n\n\n<div class=\"wp-block-columns\">\n<div class=\"wp-block-column\" style=\"flex-basis:33.33%\">\n<figure class=\"wp-block-image size-large\"><img loading=\"lazy\" width=\"400\" height=\"320\" src=\"https:\/\/lafrenchcoop.fr\/site\/wp-content\/uploads\/2018\/10\/cooperatif.png\" alt=\"coop\u00e9ratif\" class=\"wp-image-3140\" srcset=\"https:\/\/lafrenchcoop.fr\/site\/wp-content\/uploads\/2018\/10\/cooperatif.png 400w, https:\/\/lafrenchcoop.fr\/site\/wp-content\/uploads\/2018\/10\/cooperatif-300x240.png 300w\" sizes=\"(max-width: 400px) 100vw, 400px\" \/><\/figure>\n<\/div>\n\n\n\n<div class=\"wp-block-column is-vertically-aligned-center\" style=\"flex-basis:66.66%\">\n<p><strong>COOP\u00c9RATIF<\/strong><br>L&rsquo;\u00e9picerie appartient \u00e0 ses adh\u00e9rents-clients qui peuvent faire des choix sur les produits et voter pour les d\u00e9cisions importantes, sur le principe une personne = une voix.<\/p>\n<\/div>\n<\/div>\n\n\n\n<div class=\"wp-block-columns\">\n<div class=\"wp-block-column\" style=\"flex-basis:33.33%\">\n<figure class=\"wp-block-image size-large\"><img loading=\"lazy\" width=\"400\" height=\"320\" src=\"https:\/\/lafrenchcoop.fr\/site\/wp-content\/uploads\/2018\/10\/participatif.png\" alt=\"participatif\" class=\"wp-image-3142\" srcset=\"https:\/\/lafrenchcoop.fr\/site\/wp-content\/uploads\/2018\/10\/participatif.png 400w, https:\/\/lafrenchcoop.fr\/site\/wp-content\/uploads\/2018\/10\/participatif-300x240.png 300w\" sizes=\"(max-width: 400px) 100vw, 400px\" \/><\/figure>\n<\/div>\n\n\n\n<div class=\"wp-block-column is-vertically-aligned-center\" style=\"flex-basis:66.66%\">\n<p><strong>PARTICIPATIF<\/strong><br>Chaque adh\u00e9rent consacre 2 heures par mois de b\u00e9n\u00e9volat pour assurer le fonctionnement de l\u2019\u00e9picerie-test puis 3 heures par mois dans la grande \u00e9picerie (mise en rayon, caisses, conditionnement des produits,\u2026).<\/p>\n<\/div>\n<\/div>\n\n\n\n<div class=\"wp-block-columns\">\n<div class=\"wp-block-column\" style=\"flex-basis:33.33%\">\n<figure class=\"wp-block-image size-large\"><img loading=\"lazy\" width=\"400\" height=\"320\" src=\"https:\/\/lafrenchcoop.fr\/site\/wp-content\/uploads\/2020\/04\/produits-qualites.png\" alt=\"produits de qualit\u00e9\" class=\"wp-image-56122\" srcset=\"https:\/\/lafrenchcoop.fr\/site\/wp-content\/uploads\/2020\/04\/produits-qualites.png 400w, https:\/\/lafrenchcoop.fr\/site\/wp-content\/uploads\/2020\/04\/produits-qualites-300x240.png 300w\" sizes=\"(max-width: 400px) 100vw, 400px\" \/><\/figure>\n<\/div>\n\n\n\n<div class=\"wp-block-column is-vertically-aligned-center\" style=\"flex-basis:66.66%\">\n<p><strong>PRODUITS DE QUALIT\u00c9<\/strong><br>Le circuit-court, le respect des saisons et le respect de l\u2019environnement (agriculture bio, agriculture raisonn\u00e9e, permaculture\u2026) sont les valeurs qui animent la French Coop.<\/p>\n<\/div>\n<\/div>\n\n\n\n<div class=\"wp-block-columns\">\n<div class=\"wp-block-column\" style=\"flex-basis:33.33%\">\n<figure class=\"wp-block-image size-large\"><img loading=\"lazy\" width=\"400\" height=\"320\" src=\"https:\/\/lafrenchcoop.fr\/site\/wp-content\/uploads\/2018\/10\/prix-justes.png\" alt=\"au prox juste\" class=\"wp-image-3147\" srcset=\"https:\/\/lafrenchcoop.fr\/site\/wp-content\/uploads\/2018\/10\/prix-justes.png 400w, https:\/\/lafrenchcoop.fr\/site\/wp-content\/uploads\/2018\/10\/prix-justes-300x240.png 300w\" sizes=\"(max-width: 400px) 100vw, 400px\" \/><\/figure>\n<\/div>\n\n\n\n<div class=\"wp-block-column is-vertically-aligned-center\" style=\"flex-basis:66.66%\">\n<p><strong>AU PRIX JUSTE<\/strong><br>L\u2019investissement de chaque coop\u00e9rateur chaque mois nous permet de baisser notre co\u00fbt de fonctionnement et donc de pratiquer des marges basses qui se traduisent par des prix raisonnables.<\/p>\n<\/div>\n<\/div>\n\n\n\n<p><\/p>\n","protected":false},"excerpt":{"rendered":"<p>Notre vision Cr\u00e9\u00e9e en mars 2017, notre association \u201cLes Amis de la French Coop\u201d a entam\u00e9 un long parcours qui nous m\u00e8nera \u00e0 l\u2019ouverture d\u2019un supermarch\u00e9 d\u2019un nouveau genre : une grande \u00e9picerie coop\u00e9rative et participative : \u00ab\u00a0La French Coop\u201d. Notre aventure est avant tout une initiative citoyenne anim\u00e9e d\u2019un [&hellip;]<\/p>\n","protected":false},"author":4,"featured_media":0,"parent":0,"menu_order":0,"comment_status":"closed","ping_status":"closed","template":"","meta":[],"yoast_head":"<!-- This site is optimized with the Yoast SEO plugin v17.9 - https:\/\/yoast.com\/wordpress\/plugins\/seo\/ -->\n<title>L&#039;association et Coop\u00e9rative - La French Coop<\/title>\n<meta name=\"description\" content=\"Le parcours de l&#039;association &quot;Les Amis de la French Coop&quot;, la vision et le fonctionnement de la premi\u00e8re \u00e9picerie coop\u00e9rative et collaborative d&#039;Asni\u00e8res-sur-seine. %\" \/>\n<meta name=\"robots\" content=\"index, follow, max-snippet:-1, max-image-preview:large, max-video-preview:-1\" \/>\n<link rel=\"canonical\" href=\"https:\/\/lafrenchcoop.fr\/site\/page\" \/>\n<meta property=\"og:locale\" content=\"fr_FR\" \/>\n<meta property=\"og:type\" content=\"article\" \/>\n<meta property=\"og:title\" content=\"L&#039;association et Coop\u00e9rative - La French Coop\" \/>\n<meta property=\"og:description\" content=\"Le parcours de l&#039;association &quot;Les Amis de la French Coop&quot;, la vision et le fonctionnement de la premi\u00e8re \u00e9picerie coop\u00e9rative et collaborative d&#039;Asni\u00e8res-sur-seine. %\" \/>\n<meta property=\"og:url\" content=\"https:\/\/lafrenchcoop.fr\/site\/page\" \/>\n<meta property=\"og:site_name\" content=\"La French Coop\" \/>\n<meta property=\"article:publisher\" content=\"https:\/\/www.facebook.com\/lafrenchcoop\/\" \/>\n<meta property=\"article:modified_time\" content=\"2023-02-05T19:26:38+00:00\" \/>\n<meta property=\"og:image\" content=\"https:\/\/lafrenchcoop.fr\/site\/wp-content\/uploads\/2018\/10\/2-LAFC-RVB-400_400.png\" \/>\n<meta name=\"twitter:card\" content=\"summary_large_image\" \/>\n<meta name=\"twitter:site\" content=\"@FrenchCoop\" \/>\n<meta name=\"twitter:label1\" content=\"Dur\u00e9e de lecture estim\u00e9e\" \/>\n\t<meta name=\"twitter:data1\" content=\"5 minutes\" \/>\n<script type=\"application\/ld+json\" class=\"yoast-schema-graph\">{\"@context\":\"https:\/\/schema.org\",\"@graph\":[{\"@type\":\"WebSite\",\"@id\":\"https:\/\/lafrenchcoop.fr\/site\/#website\",\"url\":\"https:\/\/lafrenchcoop.fr\/site\/\",\"name\":\"La French Coop\",\"description\":\"L&#039;\\u00e9picerie coop\\u00e9rative et participative d&#039;Asni\\u00e8res-sur-Seine !\",\"potentialAction\":[{\"@type\":\"SearchAction\",\"target\":{\"@type\":\"EntryPoint\",\"urlTemplate\":\"https:\/\/lafrenchcoop.fr\/site\/?s={search_term_string}\"},\"query-input\":\"required name=search_term_string\"}],\"inLanguage\":\"fr-FR\"},{\"@type\":\"ImageObject\",\"@id\":\"https:\/\/lafrenchcoop.fr\/site\/page#primaryimage\",\"inLanguage\":\"fr-FR\",\"url\":\"https:\/\/lafrenchcoop.fr\/site\/wp-content\/uploads\/2018\/10\/2-LAFC-RVB-400_400.png\",\"contentUrl\":\"https:\/\/lafrenchcoop.fr\/site\/wp-content\/uploads\/2018\/10\/2-LAFC-RVB-400_400.png\",\"width\":710,\"height\":710,\"caption\":\"Les Amis de La French Coop logo\"},{\"@type\":\"WebPage\",\"@id\":\"https:\/\/lafrenchcoop.fr\/site\/page#webpage\",\"url\":\"https:\/\/lafrenchcoop.fr\/site\/page\",\"name\":\"L'association et Coop\\u00e9rative - La French Coop\",\"isPartOf\":{\"@id\":\"https:\/\/lafrenchcoop.fr\/site\/#website\"},\"primaryImageOfPage\":{\"@id\":\"https:\/\/lafrenchcoop.fr\/site\/page#primaryimage\"},\"datePublished\":\"2020-07-08T18:29:14+00:00\",\"dateModified\":\"2023-02-05T19:26:38+00:00\",\"description\":\"Le parcours de l'association \\\"Les Amis de la French Coop\\\", la vision et le fonctionnement de la premi\\u00e8re \\u00e9picerie coop\\u00e9rative et collaborative d'Asni\\u00e8res-sur-seine. %\",\"breadcrumb\":{\"@id\":\"https:\/\/lafrenchcoop.fr\/site\/page#breadcrumb\"},\"inLanguage\":\"fr-FR\",\"potentialAction\":[{\"@type\":\"ReadAction\",\"target\":[\"https:\/\/lafrenchcoop.fr\/site\/page\"]}]},{\"@type\":\"BreadcrumbList\",\"@id\":\"https:\/\/lafrenchcoop.fr\/site\/page#breadcrumb\",\"itemListElement\":[{\"@type\":\"ListItem\",\"position\":1,\"name\":\"Accueil\",\"item\":\"https:\/\/lafrenchcoop.fr\/site\/\"},{\"@type\":\"ListItem\",\"position\":2,\"name\":\"L&rsquo;association et Coop\\u00e9rative\"}]}]}<\/script>\n<!-- \/ Yoast SEO plugin. -->","yoast_head_json":{"title":"L'association et Coop\u00e9rative - La French Coop","description":"Le parcours de l'association \"Les Amis de la French Coop\", la vision et le fonctionnement de la premi\u00e8re \u00e9picerie coop\u00e9rative et collaborative d'Asni\u00e8res-sur-seine. %","robots":{"index":"index","follow":"follow","max-snippet":"max-snippet:-1","max-image-preview":"max-image-preview:large","max-video-preview":"max-video-preview:-1"},"canonical":"https:\/\/lafrenchcoop.fr\/site\/page","og_locale":"fr_FR","og_type":"article","og_title":"L'association et Coop\u00e9rative - La French Coop","og_description":"Le parcours de l'association \"Les Amis de la French Coop\", la vision et le fonctionnement de la premi\u00e8re \u00e9picerie coop\u00e9rative et collaborative d'Asni\u00e8res-sur-seine. %","og_url":"https:\/\/lafrenchcoop.fr\/site\/page","og_site_name":"La French Coop","article_publisher":"https:\/\/www.facebook.com\/lafrenchcoop\/","article_modified_time":"2023-02-05T19:26:38+00:00","og_image":[{"url":"https:\/\/lafrenchcoop.fr\/site\/wp-content\/uploads\/2018\/10\/2-LAFC-RVB-400_400.png"}],"twitter_card":"summary_large_image","twitter_site":"@FrenchCoop","twitter_misc":{"Dur\u00e9e de lecture estim\u00e9e":"5 minutes"},"schema":{"@context":"https:\/\/schema.org","@graph":[{"@type":"WebSite","@id":"https:\/\/lafrenchcoop.fr\/site\/#website","url":"https:\/\/lafrenchcoop.fr\/site\/","name":"La French Coop","description":"L&#039;\u00e9picerie coop\u00e9rative et participative d&#039;Asni\u00e8res-sur-Seine !","potentialAction":[{"@type":"SearchAction","target":{"@type":"EntryPoint","urlTemplate":"https:\/\/lafrenchcoop.fr\/site\/?s={search_term_string}"},"query-input":"required name=search_term_string"}],"inLanguage":"fr-FR"},{"@type":"ImageObject","@id":"https:\/\/lafrenchcoop.fr\/site\/page#primaryimage","inLanguage":"fr-FR","url":"https:\/\/lafrenchcoop.fr\/site\/wp-content\/uploads\/2018\/10\/2-LAFC-RVB-400_400.png","contentUrl":"https:\/\/lafrenchcoop.fr\/site\/wp-content\/uploads\/2018\/10\/2-LAFC-RVB-400_400.png","width":710,"height":710,"caption":"Les Amis de La French Coop logo"},{"@type":"WebPage","@id":"https:\/\/lafrenchcoop.fr\/site\/page#webpage","url":"https:\/\/lafrenchcoop.fr\/site\/page","name":"L'association et Coop\u00e9rative - La French Coop","isPartOf":{"@id":"https:\/\/lafrenchcoop.fr\/site\/#website"},"primaryImageOfPage":{"@id":"https:\/\/lafrenchcoop.fr\/site\/page#primaryimage"},"datePublished":"2020-07-08T18:29:14+00:00","dateModified":"2023-02-05T19:26:38+00:00","description":"Le parcours de l'association \"Les Amis de la French Coop\", la vision et le fonctionnement de la premi\u00e8re \u00e9picerie coop\u00e9rative et collaborative d'Asni\u00e8res-sur-seine. %","breadcrumb":{"@id":"https:\/\/lafrenchcoop.fr\/site\/page#breadcrumb"},"inLanguage":"fr-FR","potentialAction":[{"@type":"ReadAction","target":["https:\/\/lafrenchcoop.fr\/site\/page"]}]},{"@type":"BreadcrumbList","@id":"https:\/\/lafrenchcoop.fr\/site\/page#breadcrumb","itemListElement":[{"@type":"ListItem","position":1,"name":"Accueil","item":"https:\/\/lafrenchcoop.fr\/site\/"},{"@type":"ListItem","position":2,"name":"L&rsquo;association et Coop\u00e9rative"}]}]}},"_links":{"self":[{"href":"https:\/\/lafrenchcoop.fr\/site\/wp-json\/wp\/v2\/pages\/73457"}],"collection":[{"href":"https:\/\/lafrenchcoop.fr\/site\/wp-json\/wp\/v2\/pages"}],"about":[{"href":"https:\/\/lafrenchcoop.fr\/site\/wp-json\/wp\/v2\/types\/page"}],"author":[{"embeddable":true,"href":"https:\/\/lafrenchcoop.fr\/site\/wp-json\/wp\/v2\/users\/4"}],"replies":[{"embeddable":true,"href":"https:\/\/lafrenchcoop.fr\/site\/wp-json\/wp\/v2\/comments?post=73457"}],"version-history":[{"count":19,"href":"https:\/\/lafrenchcoop.fr\/site\/wp-json\/wp\/v2\/pages\/73457\/revisions"}],"predecessor-version":[{"id":194313,"href":"https:\/\/lafrenchcoop.fr\/site\/wp-json\/wp\/v2\/pages\/73457\/revisions\/194313"}],"wp:attachment":[{"href":"https:\/\/lafrenchcoop.fr\/site\/wp-json\/wp\/v2\/media?parent=73457"}],"curies":[{"name":"wp","href":"https:\/\/api.w.org\/{rel}","templated":true}]}}